{"id":11076,"date":"2024-09-26T00:07:15","date_gmt":"2024-09-25T19:07:15","guid":{"rendered":"https:\/\/turkmenexporter.com\/product\/membrana-impermeabilizante-bituminosa-en-rollo-5-mm\/"},"modified":"2024-09-26T00:07:15","modified_gmt":"2024-09-25T19:07:15","slug":"membrana-impermeabilizante-bituminosa-en-rollo-5-mm","status":"publish","type":"product","link":"https:\/\/turkmenexporter.com\/es\/producto\/membrana-impermeabilizante-bituminosa-en-rollo-5-mm\/","title":{"rendered":"Membrana impermeabilizante bituminosa en rollo 5 mm"},"content":{"rendered":"<p>DERWAYYS C5000 AL (Lona de fibra de vidrio con papel de aluminio) &#8211; M\u00e1xima protecci\u00f3n para instalaciones cr\u00edticas El DERWAYYS C5000 AL ofrece una capa impermeabilizante de 5 mm de espesor reforzada con lona de fibra de vidrio y papel de aluminio. Este producto est\u00e1 dise\u00f1ado para proyectos de construcci\u00f3n cr\u00edticos que requieren tanto impermeabilizaci\u00f3n como aislamiento t\u00e9rmico. La capa de papel de aluminio refleja el calor y la luz, proporcionando una protecci\u00f3n adicional en entornos expuestos o a altas temperaturas, mientras que el grosor de 5 mm garantiza el m\u00e1ximo nivel de resistencia al agua. Longitud del rollo: 10 m Anchura: 1 m Grosor de la capa: 5 mm Peso: 51-53 kg   <\/p>\n","protected":false},"excerpt":{"rendered":"<p>DERWAYYS C5000 AL (lona de fibra de vidrio con papel de aluminio) Rollo Longitud: 10 m Anchura: 1 m Grosor de la capa: 5 mm Peso: 51-53 kg Precios sujetos a cambios<\/p>\n","protected":false},"featured_media":10888,"comment_status":"open","ping_status":"closed","template":"","meta":{"_acf_changed":false},"brand":[801],"product_cat":[796],"product_tag":[],"class_list":{"0":"post-11076","1":"product","2":"type-product","3":"status-publish","4":"has-post-thumbnail","6":"brand-derwayys-es","7":"product_cat-materiales-de-construccion","9":"first","10":"instock","11":"shipping-taxable","12":"purchasable","13":"product-type-simple"},"acf":[],"_links":{"self":[{"href":"https:\/\/turkmenexporter.com\/es\/wp-json\/wp\/v2\/product\/11076","targetHints":{"allow":["GET"]}}],"collection":[{"href":"https:\/\/turkmenexporter.com\/es\/wp-json\/wp\/v2\/product"}],"about":[{"href":"https:\/\/turkmenexporter.com\/es\/wp-json\/wp\/v2\/types\/product"}],"replies":[{"embeddable":true,"href":"https:\/\/turkmenexporter.com\/es\/wp-json\/wp\/v2\/comments?post=11076"}],"version-history":[{"count":0,"href":"https:\/\/turkmenexporter.com\/es\/wp-json\/wp\/v2\/product\/11076\/revisions"}],"wp:featuredmedia":[{"embeddable":true,"href":"https:\/\/turkmenexporter.com\/es\/wp-json\/wp\/v2\/media\/10888"}],"wp:attachment":[{"href":"https:\/\/turkmenexporter.com\/es\/wp-json\/wp\/v2\/media?parent=11076"}],"wp:term":[{"taxonomy":"brand","embeddable":true,"href":"https:\/\/turkmenexporter.com\/es\/wp-json\/wp\/v2\/brand?post=11076"},{"taxonomy":"product_cat","embeddable":true,"href":"https:\/\/turkmenexporter.com\/es\/wp-json\/wp\/v2\/product_cat?post=11076"},{"taxonomy":"product_tag","embeddable":true,"href":"https:\/\/turkmenexporter.com\/es\/wp-json\/wp\/v2\/product_tag?post=11076"}],"curies":[{"name":"wp","href":"https:\/\/api.w.org\/{rel}","templated":true}]}}