{"id":11077,"date":"2024-09-26T00:07:14","date_gmt":"2024-09-25T19:07:14","guid":{"rendered":"https:\/\/turkmenexporter.com\/product\/membrana-bituminosa-impermeabilizante-en-rollo-membrana-para-tejados-4-mm\/"},"modified":"2024-09-26T00:07:14","modified_gmt":"2024-09-25T19:07:14","slug":"membrana-bituminosa-impermeabilizante-en-rollo-membrana-para-tejados-4-mm","status":"publish","type":"product","link":"https:\/\/turkmenexporter.com\/es\/producto\/membrana-bituminosa-impermeabilizante-en-rollo-membrana-para-tejados-4-mm\/","title":{"rendered":"Membrana bituminosa impermeabilizante en rollo membrana para tejados 4 mm"},"content":{"rendered":"<p>DERWAYYS C4000 AL (Lona de fibra de vidrio con papel de aluminio) &#8211; Impermeabilizaci\u00f3n aislante de alto rendimiento El DERWAYYS C4000 AL presenta una capa bituminosa de 4 mm de espesor, reforzada con lona de fibra de vidrio y rematada con papel de aluminio para una protecci\u00f3n superior. Esta combinaci\u00f3n proporciona una excelente impermeabilizaci\u00f3n y refleja los rayos UV, por lo que es ideal para sistemas de cubiertas expuestas. La durabilidad y resistencia al desgarro del producto garantizan un rendimiento fiable incluso en condiciones adversas, por lo que es perfecto para cubiertas industriales y zonas de mucho tr\u00e1fico. Longitud del rollo: 10 m Anchura: 1 m Grosor de la capa: 4 mm Peso: 41-43 kg   <\/p>\n","protected":false},"excerpt":{"rendered":"<p>DERWAYYS C4000 AL (lona de fibra de vidrio con papel de aluminio) Rollo Longitud: 10 m Anchura: 1 m Grosor de la capa: 4 mm Peso: 41-43 kg Precios sujetos a cambios<\/p>\n","protected":false},"featured_media":10906,"comment_status":"open","ping_status":"closed","template":"","meta":{"_acf_changed":false},"brand":[801],"product_cat":[796],"product_tag":[],"class_list":{"0":"post-11077","1":"product","2":"type-product","3":"status-publish","4":"has-post-thumbnail","6":"brand-derwayys-es","7":"product_cat-materiales-de-construccion","9":"first","10":"instock","11":"shipping-taxable","12":"purchasable","13":"product-type-simple"},"acf":[],"_links":{"self":[{"href":"https:\/\/turkmenexporter.com\/es\/wp-json\/wp\/v2\/product\/11077","targetHints":{"allow":["GET"]}}],"collection":[{"href":"https:\/\/turkmenexporter.com\/es\/wp-json\/wp\/v2\/product"}],"about":[{"href":"https:\/\/turkmenexporter.com\/es\/wp-json\/wp\/v2\/types\/product"}],"replies":[{"embeddable":true,"href":"https:\/\/turkmenexporter.com\/es\/wp-json\/wp\/v2\/comments?post=11077"}],"version-history":[{"count":0,"href":"https:\/\/turkmenexporter.com\/es\/wp-json\/wp\/v2\/product\/11077\/revisions"}],"wp:featuredmedia":[{"embeddable":true,"href":"https:\/\/turkmenexporter.com\/es\/wp-json\/wp\/v2\/media\/10906"}],"wp:attachment":[{"href":"https:\/\/turkmenexporter.com\/es\/wp-json\/wp\/v2\/media?parent=11077"}],"wp:term":[{"taxonomy":"brand","embeddable":true,"href":"https:\/\/turkmenexporter.com\/es\/wp-json\/wp\/v2\/brand?post=11077"},{"taxonomy":"product_cat","embeddable":true,"href":"https:\/\/turkmenexporter.com\/es\/wp-json\/wp\/v2\/product_cat?post=11077"},{"taxonomy":"product_tag","embeddable":true,"href":"https:\/\/turkmenexporter.com\/es\/wp-json\/wp\/v2\/product_tag?post=11077"}],"curies":[{"name":"wp","href":"https:\/\/api.w.org\/{rel}","templated":true}]}}