{"id":11079,"date":"2024-09-26T00:07:11","date_gmt":"2024-09-25T19:07:11","guid":{"rendered":"https:\/\/turkmenexporter.com\/product\/membrana-bituminosa-impermeabilizante-con-papel-de-aluminio\/"},"modified":"2024-09-26T00:07:11","modified_gmt":"2024-09-25T19:07:11","slug":"membrana-bituminosa-impermeabilizante-con-papel-de-aluminio","status":"publish","type":"product","link":"https:\/\/turkmenexporter.com\/es\/producto\/membrana-bituminosa-impermeabilizante-con-papel-de-aluminio\/","title":{"rendered":"Membrana bituminosa impermeabilizante con papel de aluminio"},"content":{"rendered":"<p>DERWAYYS C2000 AL (Lona de fibra de vidrio con l\u00e1mina de aluminio) &#8211; Impermeabilizaci\u00f3n reflectante La DERWAYYS C2000 AL combina una base de fibra de vidrio con una capa de l\u00e1mina de aluminio, ofreciendo una doble protecci\u00f3n contra el agua y la radiaci\u00f3n UV. La capa bituminosa de 2 mm proporciona impermeabilidad, mientras que la l\u00e1mina de aluminio refleja el calor y la luz solar, por lo que es ideal para sistemas de cubiertas expuestas donde el aislamiento t\u00e9rmico es importante. Longitud del rollo: 10 m Anchura: 1 m Grosor de la capa: 2 mm Peso: 31-33 kg  <\/p>\n","protected":false},"excerpt":{"rendered":"<p>DERWAYYS C2000 AL (lona de fibra de vidrio con papel de aluminio) Rollo Longitud: 10 m Anchura: 1 m Grosor de la capa: 2 mm Peso: 31-33 kg Precios sujetos a cambios<\/p>\n","protected":false},"featured_media":10942,"comment_status":"open","ping_status":"closed","template":"","meta":{"_acf_changed":false},"brand":[801],"product_cat":[796],"product_tag":[],"class_list":{"0":"post-11079","1":"product","2":"type-product","3":"status-publish","4":"has-post-thumbnail","6":"brand-derwayys-es","7":"product_cat-materiales-de-construccion","9":"first","10":"instock","11":"shipping-taxable","12":"purchasable","13":"product-type-simple"},"acf":[],"_links":{"self":[{"href":"https:\/\/turkmenexporter.com\/es\/wp-json\/wp\/v2\/product\/11079","targetHints":{"allow":["GET"]}}],"collection":[{"href":"https:\/\/turkmenexporter.com\/es\/wp-json\/wp\/v2\/product"}],"about":[{"href":"https:\/\/turkmenexporter.com\/es\/wp-json\/wp\/v2\/types\/product"}],"replies":[{"embeddable":true,"href":"https:\/\/turkmenexporter.com\/es\/wp-json\/wp\/v2\/comments?post=11079"}],"version-history":[{"count":0,"href":"https:\/\/turkmenexporter.com\/es\/wp-json\/wp\/v2\/product\/11079\/revisions"}],"wp:featuredmedia":[{"embeddable":true,"href":"https:\/\/turkmenexporter.com\/es\/wp-json\/wp\/v2\/media\/10942"}],"wp:attachment":[{"href":"https:\/\/turkmenexporter.com\/es\/wp-json\/wp\/v2\/media?parent=11079"}],"wp:term":[{"taxonomy":"brand","embeddable":true,"href":"https:\/\/turkmenexporter.com\/es\/wp-json\/wp\/v2\/brand?post=11079"},{"taxonomy":"product_cat","embeddable":true,"href":"https:\/\/turkmenexporter.com\/es\/wp-json\/wp\/v2\/product_cat?post=11079"},{"taxonomy":"product_tag","embeddable":true,"href":"https:\/\/turkmenexporter.com\/es\/wp-json\/wp\/v2\/product_tag?post=11079"}],"curies":[{"name":"wp","href":"https:\/\/api.w.org\/{rel}","templated":true}]}}