{"id":11080,"date":"2024-09-26T00:07:10","date_gmt":"2024-09-25T19:07:10","guid":{"rendered":"https:\/\/turkmenexporter.com\/product\/membrana-bituminosa-impermeabilizante\/"},"modified":"2024-09-26T00:07:10","modified_gmt":"2024-09-25T19:07:10","slug":"membrana-bituminosa-impermeabilizante","status":"publish","type":"product","link":"https:\/\/turkmenexporter.com\/es\/producto\/membrana-bituminosa-impermeabilizante\/","title":{"rendered":"Membrana bituminosa impermeabilizante"},"content":{"rendered":"<p>DERWAYYS P5000 (Lona de poli\u00e9ster) &#8211; M\u00e1xima resistencia para impermeabilizaciones de alta resistencia Para proyectos que requieren la m\u00e1xima resistencia al agua y resistencia mec\u00e1nica, el DERWAYYS P5000 ofrece una capa impermeabilizante de 5 mm de espesor. La lona de poli\u00e9ster garantiza flexibilidad y durabilidad, mientras que la capa bituminosa de alta resistencia proporciona una protecci\u00f3n robusta para zonas de alto riesgo como s\u00f3tanos, t\u00faneles y tejados de tr\u00e1fico intenso. Longitud del rollo: 10 m Anchura: 1 m Grosor de la capa: 5 mm Peso: 51-53 kg  <\/p>\n","protected":false},"excerpt":{"rendered":"<p>DERWAYYS P5000 (lona de poli\u00e9ster) Rollo Longitud: 10 m Anchura: 1 m Grosor de la capa: 5 mm Peso: 51-53 kg Precios sujetos a cambios<\/p>\n","protected":false},"featured_media":10948,"comment_status":"open","ping_status":"closed","template":"","meta":{"_acf_changed":false},"brand":[801],"product_cat":[796],"product_tag":[],"class_list":{"0":"post-11080","1":"product","2":"type-product","3":"status-publish","4":"has-post-thumbnail","6":"brand-derwayys-es","7":"product_cat-materiales-de-construccion","9":"first","10":"instock","11":"shipping-taxable","12":"purchasable","13":"product-type-simple"},"acf":[],"_links":{"self":[{"href":"https:\/\/turkmenexporter.com\/es\/wp-json\/wp\/v2\/product\/11080","targetHints":{"allow":["GET"]}}],"collection":[{"href":"https:\/\/turkmenexporter.com\/es\/wp-json\/wp\/v2\/product"}],"about":[{"href":"https:\/\/turkmenexporter.com\/es\/wp-json\/wp\/v2\/types\/product"}],"replies":[{"embeddable":true,"href":"https:\/\/turkmenexporter.com\/es\/wp-json\/wp\/v2\/comments?post=11080"}],"version-history":[{"count":0,"href":"https:\/\/turkmenexporter.com\/es\/wp-json\/wp\/v2\/product\/11080\/revisions"}],"wp:featuredmedia":[{"embeddable":true,"href":"https:\/\/turkmenexporter.com\/es\/wp-json\/wp\/v2\/media\/10948"}],"wp:attachment":[{"href":"https:\/\/turkmenexporter.com\/es\/wp-json\/wp\/v2\/media?parent=11080"}],"wp:term":[{"taxonomy":"brand","embeddable":true,"href":"https:\/\/turkmenexporter.com\/es\/wp-json\/wp\/v2\/brand?post=11080"},{"taxonomy":"product_cat","embeddable":true,"href":"https:\/\/turkmenexporter.com\/es\/wp-json\/wp\/v2\/product_cat?post=11080"},{"taxonomy":"product_tag","embeddable":true,"href":"https:\/\/turkmenexporter.com\/es\/wp-json\/wp\/v2\/product_tag?post=11080"}],"curies":[{"name":"wp","href":"https:\/\/api.w.org\/{rel}","templated":true}]}}