{"id":11081,"date":"2024-09-26T00:07:09","date_gmt":"2024-09-25T19:07:09","guid":{"rendered":"https:\/\/turkmenexporter.com\/product\/membrana-impermeabilizante-bituminosa-en-rollo\/"},"modified":"2024-09-26T00:07:09","modified_gmt":"2024-09-25T19:07:09","slug":"membrana-impermeabilizante-bituminosa-en-rollo","status":"publish","type":"product","link":"https:\/\/turkmenexporter.com\/es\/producto\/membrana-impermeabilizante-bituminosa-en-rollo\/","title":{"rendered":"Membrana impermeabilizante bituminosa en rollo"},"content":{"rendered":"<p>DERWAYYS P4000 (Lona de poli\u00e9ster) &#8211; Impermeabilizaci\u00f3n reforzada para aplicaciones complejas DERWAYYS P4000 presenta una capa bituminosa de 4 mm reforzada con una lona de poli\u00e9ster duradera, que proporciona una protecci\u00f3n de primer nivel para zonas expuestas a agua o presi\u00f3n constantes. Este producto est\u00e1 dise\u00f1ado para soportar tanto la tensi\u00f3n mec\u00e1nica como la exposici\u00f3n ambiental, garantizando una impermeabilizaci\u00f3n eficaz para proyectos industriales o de ingenier\u00eda civil a gran escala. Longitud del rollo: 10 m Anchura: 1 m Grosor de la capa: 4 mm Peso: 41-43 kg  <\/p>\n","protected":false},"excerpt":{"rendered":"<p>DERWAYYS P4000 (lona de poli\u00e9ster) Rollo Longitud: 10 m Anchura: 1 m Grosor de la capa: 4 mm Peso: 41-43 kg Precios sujetos a cambios<\/p>\n","protected":false},"featured_media":10894,"comment_status":"open","ping_status":"closed","template":"","meta":{"_acf_changed":false},"brand":[801],"product_cat":[796],"product_tag":[],"class_list":{"0":"post-11081","1":"product","2":"type-product","3":"status-publish","4":"has-post-thumbnail","6":"brand-derwayys-es","7":"product_cat-materiales-de-construccion","9":"first","10":"instock","11":"shipping-taxable","12":"purchasable","13":"product-type-simple"},"acf":[],"_links":{"self":[{"href":"https:\/\/turkmenexporter.com\/es\/wp-json\/wp\/v2\/product\/11081","targetHints":{"allow":["GET"]}}],"collection":[{"href":"https:\/\/turkmenexporter.com\/es\/wp-json\/wp\/v2\/product"}],"about":[{"href":"https:\/\/turkmenexporter.com\/es\/wp-json\/wp\/v2\/types\/product"}],"replies":[{"embeddable":true,"href":"https:\/\/turkmenexporter.com\/es\/wp-json\/wp\/v2\/comments?post=11081"}],"version-history":[{"count":0,"href":"https:\/\/turkmenexporter.com\/es\/wp-json\/wp\/v2\/product\/11081\/revisions"}],"wp:featuredmedia":[{"embeddable":true,"href":"https:\/\/turkmenexporter.com\/es\/wp-json\/wp\/v2\/media\/10894"}],"wp:attachment":[{"href":"https:\/\/turkmenexporter.com\/es\/wp-json\/wp\/v2\/media?parent=11081"}],"wp:term":[{"taxonomy":"brand","embeddable":true,"href":"https:\/\/turkmenexporter.com\/es\/wp-json\/wp\/v2\/brand?post=11081"},{"taxonomy":"product_cat","embeddable":true,"href":"https:\/\/turkmenexporter.com\/es\/wp-json\/wp\/v2\/product_cat?post=11081"},{"taxonomy":"product_tag","embeddable":true,"href":"https:\/\/turkmenexporter.com\/es\/wp-json\/wp\/v2\/product_tag?post=11081"}],"curies":[{"name":"wp","href":"https:\/\/api.w.org\/{rel}","templated":true}]}}