{"id":11083,"date":"2024-09-26T00:07:07","date_gmt":"2024-09-25T19:07:07","guid":{"rendered":"https:\/\/turkmenexporter.com\/product\/isogama-impermeabilizante-al-por-mayor-de-turkmenistan\/"},"modified":"2024-09-26T00:07:07","modified_gmt":"2024-09-25T19:07:07","slug":"isogama-impermeabilizante-al-por-mayor-de-turkmenistan","status":"publish","type":"product","link":"https:\/\/turkmenexporter.com\/es\/producto\/isogama-impermeabilizante-al-por-mayor-de-turkmenistan\/","title":{"rendered":"Isogama impermeabilizante al por mayor de Turkmenist\u00e1n"},"content":{"rendered":"<p>DERWAYYS P2000 (Lona de poli\u00e9ster) &#8211; Impermeabilizaci\u00f3n ligera y flexible DERWAYYS P2000 utiliza un refuerzo de lona de poli\u00e9ster que ofrece flexibilidad con una capa impermeabilizante de 2 mm de espesor. Esto lo hace ideal para superficies que requieren adaptabilidad, como superficies curvas o irregulares, sin sacrificar la resistencia al agua. Su construcci\u00f3n ligera facilita el manejo y la instalaci\u00f3n sin comprometer el rendimiento. Longitud del rollo: 10 m Anchura: 1 m Grosor de la capa: 2 mm Peso: 31-33 kg   <\/p>\n","protected":false},"excerpt":{"rendered":"<p>DERWAYYS P2000 (lona de poli\u00e9ster) Rollo Longitud: 10 m Anchura: 1 m Grosor de la capa: 2 mm Peso: 31-33 kg Precios sujetos a cambios<\/p>\n","protected":false},"featured_media":10954,"comment_status":"open","ping_status":"closed","template":"","meta":{"_acf_changed":false},"brand":[801],"product_cat":[796],"product_tag":[],"class_list":{"0":"post-11083","1":"product","2":"type-product","3":"status-publish","4":"has-post-thumbnail","6":"brand-derwayys-es","7":"product_cat-materiales-de-construccion","9":"first","10":"instock","11":"shipping-taxable","12":"purchasable","13":"product-type-simple"},"acf":[],"_links":{"self":[{"href":"https:\/\/turkmenexporter.com\/es\/wp-json\/wp\/v2\/product\/11083","targetHints":{"allow":["GET"]}}],"collection":[{"href":"https:\/\/turkmenexporter.com\/es\/wp-json\/wp\/v2\/product"}],"about":[{"href":"https:\/\/turkmenexporter.com\/es\/wp-json\/wp\/v2\/types\/product"}],"replies":[{"embeddable":true,"href":"https:\/\/turkmenexporter.com\/es\/wp-json\/wp\/v2\/comments?post=11083"}],"version-history":[{"count":0,"href":"https:\/\/turkmenexporter.com\/es\/wp-json\/wp\/v2\/product\/11083\/revisions"}],"wp:featuredmedia":[{"embeddable":true,"href":"https:\/\/turkmenexporter.com\/es\/wp-json\/wp\/v2\/media\/10954"}],"wp:attachment":[{"href":"https:\/\/turkmenexporter.com\/es\/wp-json\/wp\/v2\/media?parent=11083"}],"wp:term":[{"taxonomy":"brand","embeddable":true,"href":"https:\/\/turkmenexporter.com\/es\/wp-json\/wp\/v2\/brand?post=11083"},{"taxonomy":"product_cat","embeddable":true,"href":"https:\/\/turkmenexporter.com\/es\/wp-json\/wp\/v2\/product_cat?post=11083"},{"taxonomy":"product_tag","embeddable":true,"href":"https:\/\/turkmenexporter.com\/es\/wp-json\/wp\/v2\/product_tag?post=11083"}],"curies":[{"name":"wp","href":"https:\/\/api.w.org\/{rel}","templated":true}]}}