{"id":11084,"date":"2024-09-26T00:07:05","date_gmt":"2024-09-25T19:07:05","guid":{"rendered":"https:\/\/turkmenexporter.com\/product\/impermeabilizacion-isogam\/"},"modified":"2024-09-26T00:07:05","modified_gmt":"2024-09-25T19:07:05","slug":"impermeabilizacion-isogam","status":"publish","type":"product","link":"https:\/\/turkmenexporter.com\/es\/producto\/impermeabilizacion-isogam\/","title":{"rendered":"Impermeabilizaci\u00f3n isogam"},"content":{"rendered":"<p>DERWAYYS C5000 (Lona de fibra de vidrio) &#8211; Impermeabilizaci\u00f3n de alta resistencia para aplicaciones cr\u00edticas Dise\u00f1ado para los proyectos de impermeabilizaci\u00f3n m\u00e1s exigentes, el DERWAYYS C5000 est\u00e1 construido con una capa de bet\u00fan de 5 mm de espesor reforzada con fibra de vidrio. Este producto proporciona una durabilidad y una protecci\u00f3n de impermeabilizaci\u00f3n inigualables para \u00e1reas de construcci\u00f3n cr\u00edticas, incluyendo instalaciones subterr\u00e1neas y cubiertas a escala industrial. El espesor de 5 mm garantiza la m\u00e1xima defensa contra el agua y los impactos meteorol\u00f3gicos, alargando la vida \u00fatil de toda la estructura. Longitud del rollo: 10 m Anchura: 1 m Grosor de la capa: 5 mm Peso: 51-53 kg   <\/p>\n","protected":false},"excerpt":{"rendered":"<p>DERWAYYS C5000 (lona de fibra de vidrio) Rollo Longitud: 10 m Anchura: 1 m Grosor de la capa: 5 mm Peso: 51-53 kg Precios sujetos a cambios<\/p>\n","protected":false},"featured_media":10960,"comment_status":"open","ping_status":"closed","template":"","meta":{"_acf_changed":false},"brand":[801],"product_cat":[796],"product_tag":[],"class_list":{"0":"post-11084","1":"product","2":"type-product","3":"status-publish","4":"has-post-thumbnail","6":"brand-derwayys-es","7":"product_cat-materiales-de-construccion","9":"first","10":"instock","11":"shipping-taxable","12":"purchasable","13":"product-type-simple"},"acf":[],"_links":{"self":[{"href":"https:\/\/turkmenexporter.com\/es\/wp-json\/wp\/v2\/product\/11084","targetHints":{"allow":["GET"]}}],"collection":[{"href":"https:\/\/turkmenexporter.com\/es\/wp-json\/wp\/v2\/product"}],"about":[{"href":"https:\/\/turkmenexporter.com\/es\/wp-json\/wp\/v2\/types\/product"}],"replies":[{"embeddable":true,"href":"https:\/\/turkmenexporter.com\/es\/wp-json\/wp\/v2\/comments?post=11084"}],"version-history":[{"count":0,"href":"https:\/\/turkmenexporter.com\/es\/wp-json\/wp\/v2\/product\/11084\/revisions"}],"wp:featuredmedia":[{"embeddable":true,"href":"https:\/\/turkmenexporter.com\/es\/wp-json\/wp\/v2\/media\/10960"}],"wp:attachment":[{"href":"https:\/\/turkmenexporter.com\/es\/wp-json\/wp\/v2\/media?parent=11084"}],"wp:term":[{"taxonomy":"brand","embeddable":true,"href":"https:\/\/turkmenexporter.com\/es\/wp-json\/wp\/v2\/brand?post=11084"},{"taxonomy":"product_cat","embeddable":true,"href":"https:\/\/turkmenexporter.com\/es\/wp-json\/wp\/v2\/product_cat?post=11084"},{"taxonomy":"product_tag","embeddable":true,"href":"https:\/\/turkmenexporter.com\/es\/wp-json\/wp\/v2\/product_tag?post=11084"}],"curies":[{"name":"wp","href":"https:\/\/api.w.org\/{rel}","templated":true}]}}