{"id":11085,"date":"2024-09-26T00:07:04","date_gmt":"2024-09-25T19:07:04","guid":{"rendered":"https:\/\/turkmenexporter.com\/product\/materiales-impermeabilizantes-a-base-de-betun-isogam\/"},"modified":"2024-09-26T00:07:04","modified_gmt":"2024-09-25T19:07:04","slug":"materiales-impermeabilizantes-a-base-de-betun-isogam","status":"publish","type":"product","link":"https:\/\/turkmenexporter.com\/es\/producto\/materiales-impermeabilizantes-a-base-de-betun-isogam\/","title":{"rendered":"Materiales impermeabilizantes a base de bet\u00fan isogam"},"content":{"rendered":"<p>DERWAYYS C4000 (Lona de Fibra de Vidrio) &#8211; Impermeabilizaci\u00f3n Superior para \u00c1reas de Alta Exposici\u00f3n El DERWAYYS C4000 ofrece una capa significativa de 4 mm de impermeabilizaci\u00f3n con un refuerzo de fibra de vidrio, proporcionando m\u00e1xima protecci\u00f3n para estructuras expuestas a condiciones ambientales severas. Este producto es especialmente adecuado para zonas de alto tr\u00e1fico, cubiertas industriales y construcciones bajo tierra donde se requiera una impermeabilizaci\u00f3n superior y longevidad. Su base de fibra de vidrio a\u00f1ade una excelente resistencia a la tracci\u00f3n, asegurando la resistencia frente a cambios extremos de temperatura. Longitud del rollo: 10 m Anchura: 1 m Grosor de la capa: 4 mm Peso: 41-43 kg   <\/p>\n","protected":false},"excerpt":{"rendered":"<p>DERWAYYS C4000 (lona de fibra de vidrio) Rollo Longitud: 10 m Anchura: 1 m Grosor de la capa: 4 mm Peso: 41-43 kg Precios sujetos a cambios<\/p>\n","protected":false},"featured_media":10840,"comment_status":"open","ping_status":"closed","template":"","meta":{"_acf_changed":false},"brand":[801],"product_cat":[796],"product_tag":[],"class_list":{"0":"post-11085","1":"product","2":"type-product","3":"status-publish","4":"has-post-thumbnail","6":"brand-derwayys-es","7":"product_cat-materiales-de-construccion","9":"first","10":"instock","11":"shipping-taxable","12":"purchasable","13":"product-type-simple"},"acf":[],"_links":{"self":[{"href":"https:\/\/turkmenexporter.com\/es\/wp-json\/wp\/v2\/product\/11085","targetHints":{"allow":["GET"]}}],"collection":[{"href":"https:\/\/turkmenexporter.com\/es\/wp-json\/wp\/v2\/product"}],"about":[{"href":"https:\/\/turkmenexporter.com\/es\/wp-json\/wp\/v2\/types\/product"}],"replies":[{"embeddable":true,"href":"https:\/\/turkmenexporter.com\/es\/wp-json\/wp\/v2\/comments?post=11085"}],"version-history":[{"count":0,"href":"https:\/\/turkmenexporter.com\/es\/wp-json\/wp\/v2\/product\/11085\/revisions"}],"wp:featuredmedia":[{"embeddable":true,"href":"https:\/\/turkmenexporter.com\/es\/wp-json\/wp\/v2\/media\/10840"}],"wp:attachment":[{"href":"https:\/\/turkmenexporter.com\/es\/wp-json\/wp\/v2\/media?parent=11085"}],"wp:term":[{"taxonomy":"brand","embeddable":true,"href":"https:\/\/turkmenexporter.com\/es\/wp-json\/wp\/v2\/brand?post=11085"},{"taxonomy":"product_cat","embeddable":true,"href":"https:\/\/turkmenexporter.com\/es\/wp-json\/wp\/v2\/product_cat?post=11085"},{"taxonomy":"product_tag","embeddable":true,"href":"https:\/\/turkmenexporter.com\/es\/wp-json\/wp\/v2\/product_tag?post=11085"}],"curies":[{"name":"wp","href":"https:\/\/api.w.org\/{rel}","templated":true}]}}