{"id":11086,"date":"2024-09-26T00:07:03","date_gmt":"2024-09-25T19:07:03","guid":{"rendered":"https:\/\/turkmenexporter.com\/product\/impermeabilizante-bituminoso-izogam\/"},"modified":"2024-11-30T04:23:37","modified_gmt":"2024-11-29T23:23:37","slug":"impermeabilizante-bituminoso-izogam","status":"publish","type":"product","link":"https:\/\/turkmenexporter.com\/es\/producto\/impermeabilizante-bituminoso-izogam\/","title":{"rendered":"Impermeabilizante bituminoso Izogam"},"content":{"rendered":"<p>DERWAYYS C3000 (Lona de fibra de vidrio) &#8211; Soluci\u00f3n de impermeabilizaci\u00f3n duradera DERWAYYS C3000 es un robusto material impermeabilizante bituminoso reforzado con lona de fibra de vidrio, dise\u00f1ado para proyectos que exigen una resistencia y flexibilidad adicionales. Con una capa de 3 mm de espesor, este producto proporciona una mayor protecci\u00f3n contra la infiltraci\u00f3n de agua, por lo que es ideal para superficies de construcci\u00f3n m\u00e1s grandes o m\u00e1s expuestas, como cubiertas industriales o muros de cimentaci\u00f3n. El material es resistente al desgarro y al agrietamiento, incluso en condiciones clim\u00e1ticas adversas, lo que garantiza una larga durabilidad. Longitud del rollo: 10 m Anchura: 1 m Grosor de la capa: 3 mm Peso: 35-37 kg   <\/p>\n","protected":false},"excerpt":{"rendered":"<p>DERWAYYS C3000 (lona de fibra de vidrio) Rollo Longitud: 10 m Anchura: 1 m Grosor de la capa: 3 mm Peso: 35-37 kg Precios sujetos a cambios<\/p>\n","protected":false},"featured_media":10852,"comment_status":"open","ping_status":"closed","template":"","meta":{"_acf_changed":false},"brand":[801],"product_cat":[796],"product_tag":[],"class_list":{"0":"post-11086","1":"product","2":"type-product","3":"status-publish","4":"has-post-thumbnail","6":"brand-derwayys-es","7":"product_cat-materiales-de-construccion","9":"first","10":"instock","11":"shipping-taxable","12":"purchasable","13":"product-type-simple"},"acf":[],"_links":{"self":[{"href":"https:\/\/turkmenexporter.com\/es\/wp-json\/wp\/v2\/product\/11086","targetHints":{"allow":["GET"]}}],"collection":[{"href":"https:\/\/turkmenexporter.com\/es\/wp-json\/wp\/v2\/product"}],"about":[{"href":"https:\/\/turkmenexporter.com\/es\/wp-json\/wp\/v2\/types\/product"}],"replies":[{"embeddable":true,"href":"https:\/\/turkmenexporter.com\/es\/wp-json\/wp\/v2\/comments?post=11086"}],"version-history":[{"count":0,"href":"https:\/\/turkmenexporter.com\/es\/wp-json\/wp\/v2\/product\/11086\/revisions"}],"wp:featuredmedia":[{"embeddable":true,"href":"https:\/\/turkmenexporter.com\/es\/wp-json\/wp\/v2\/media\/10852"}],"wp:attachment":[{"href":"https:\/\/turkmenexporter.com\/es\/wp-json\/wp\/v2\/media?parent=11086"}],"wp:term":[{"taxonomy":"brand","embeddable":true,"href":"https:\/\/turkmenexporter.com\/es\/wp-json\/wp\/v2\/brand?post=11086"},{"taxonomy":"product_cat","embeddable":true,"href":"https:\/\/turkmenexporter.com\/es\/wp-json\/wp\/v2\/product_cat?post=11086"},{"taxonomy":"product_tag","embeddable":true,"href":"https:\/\/turkmenexporter.com\/es\/wp-json\/wp\/v2\/product_tag?post=11086"}],"curies":[{"name":"wp","href":"https:\/\/api.w.org\/{rel}","templated":true}]}}