{"id":11803,"date":"2024-10-01T21:27:48","date_gmt":"2024-10-01T16:27:48","guid":{"rendered":"https:\/\/turkmenexporter.com\/product\/estomagos-de-pavo-congelados\/"},"modified":"2024-10-01T21:27:48","modified_gmt":"2024-10-01T16:27:48","slug":"estomagos-de-pavo-congelados","status":"publish","type":"product","link":"https:\/\/turkmenexporter.com\/es\/producto\/estomagos-de-pavo-congelados\/","title":{"rendered":"Est\u00f3magos de pavo congelados"},"content":{"rendered":"<p>Valor nutritivo de 100 g. de producto: Prote\u00ednas 20,0 g. Grasas 7,0 g. Valor energ\u00e9tico 143,0 kcal. Peso: 600 g. Condiciones de conservaci\u00f3n de -8\u00b0C a -12\u00b0C. Caducidad: 3 meses      <\/p>\n","protected":false},"excerpt":{"rendered":"<p>Est\u00f3magos de pavo congelados 600 g. Certificado Halal <\/p>\n","protected":false},"featured_media":11217,"comment_status":"open","ping_status":"closed","template":"","meta":{"_acf_changed":false},"brand":[807],"product_cat":[813],"product_tag":[],"class_list":{"0":"post-11803","1":"product","2":"type-product","3":"status-publish","4":"has-post-thumbnail","6":"brand-maksada-okgunly-es","7":"product_cat-carne-de-pavo","9":"first","10":"instock","11":"shipping-taxable","12":"purchasable","13":"product-type-simple"},"acf":[],"_links":{"self":[{"href":"https:\/\/turkmenexporter.com\/es\/wp-json\/wp\/v2\/product\/11803","targetHints":{"allow":["GET"]}}],"collection":[{"href":"https:\/\/turkmenexporter.com\/es\/wp-json\/wp\/v2\/product"}],"about":[{"href":"https:\/\/turkmenexporter.com\/es\/wp-json\/wp\/v2\/types\/product"}],"replies":[{"embeddable":true,"href":"https:\/\/turkmenexporter.com\/es\/wp-json\/wp\/v2\/comments?post=11803"}],"version-history":[{"count":0,"href":"https:\/\/turkmenexporter.com\/es\/wp-json\/wp\/v2\/product\/11803\/revisions"}],"wp:featuredmedia":[{"embeddable":true,"href":"https:\/\/turkmenexporter.com\/es\/wp-json\/wp\/v2\/media\/11217"}],"wp:attachment":[{"href":"https:\/\/turkmenexporter.com\/es\/wp-json\/wp\/v2\/media?parent=11803"}],"wp:term":[{"taxonomy":"brand","embeddable":true,"href":"https:\/\/turkmenexporter.com\/es\/wp-json\/wp\/v2\/brand?post=11803"},{"taxonomy":"product_cat","embeddable":true,"href":"https:\/\/turkmenexporter.com\/es\/wp-json\/wp\/v2\/product_cat?post=11803"},{"taxonomy":"product_tag","embeddable":true,"href":"https:\/\/turkmenexporter.com\/es\/wp-json\/wp\/v2\/product_tag?post=11803"}],"curies":[{"name":"wp","href":"https:\/\/api.w.org\/{rel}","templated":true}]}}