{"id":12491,"date":"2024-10-31T02:03:57","date_gmt":"2024-10-30T21:03:57","guid":{"rendered":"https:\/\/turkmenexporter.com\/product\/patrimonio-turcos-alfombra\/"},"modified":"2024-10-31T02:03:57","modified_gmt":"2024-10-30T21:03:57","slug":"patrimonio-turcos-alfombra","status":"publish","type":"product","link":"https:\/\/turkmenexporter.com\/es\/producto\/patrimonio-turcos-alfombra\/","title":{"rendered":"Alfombra turcomana Heritage"},"content":{"rendered":"<p>Alfombra turcomana de herencia &#8211; Una alfombra turcomana de herencia hecha a mano que cuenta una historia a trav\u00e9s de sus dise\u00f1os tradicionales. Base: Lana, Pelo: Lana, Tipo de tejido: Anudado a mano (nudo asim\u00e9trico), Densidad de nudos: aprox. 280.000 nudos por metro cuadrado, Grosor: \u224810 mm, Tama\u00f1o: Seg\u00fan los requisitos del cliente.  <\/p>\n","protected":false},"excerpt":{"rendered":"<p>Una alfombra de herencia turcomana que cuenta una historia a trav\u00e9s de sus dise\u00f1os tradicionales. Precio por metro cuadrado. <\/p>\n","protected":false},"featured_media":12426,"comment_status":"open","ping_status":"closed","template":"","meta":{"_acf_changed":false},"brand":[863],"product_cat":[857],"product_tag":[],"class_list":{"0":"post-12491","1":"product","2":"type-product","3":"status-publish","4":"has-post-thumbnail","6":"brand-kumush-yupek-es","7":"product_cat-alfombras","9":"first","10":"instock","11":"shipping-taxable","12":"purchasable","13":"product-type-simple"},"acf":[],"_links":{"self":[{"href":"https:\/\/turkmenexporter.com\/es\/wp-json\/wp\/v2\/product\/12491","targetHints":{"allow":["GET"]}}],"collection":[{"href":"https:\/\/turkmenexporter.com\/es\/wp-json\/wp\/v2\/product"}],"about":[{"href":"https:\/\/turkmenexporter.com\/es\/wp-json\/wp\/v2\/types\/product"}],"replies":[{"embeddable":true,"href":"https:\/\/turkmenexporter.com\/es\/wp-json\/wp\/v2\/comments?post=12491"}],"version-history":[{"count":0,"href":"https:\/\/turkmenexporter.com\/es\/wp-json\/wp\/v2\/product\/12491\/revisions"}],"wp:featuredmedia":[{"embeddable":true,"href":"https:\/\/turkmenexporter.com\/es\/wp-json\/wp\/v2\/media\/12426"}],"wp:attachment":[{"href":"https:\/\/turkmenexporter.com\/es\/wp-json\/wp\/v2\/media?parent=12491"}],"wp:term":[{"taxonomy":"brand","embeddable":true,"href":"https:\/\/turkmenexporter.com\/es\/wp-json\/wp\/v2\/brand?post=12491"},{"taxonomy":"product_cat","embeddable":true,"href":"https:\/\/turkmenexporter.com\/es\/wp-json\/wp\/v2\/product_cat?post=12491"},{"taxonomy":"product_tag","embeddable":true,"href":"https:\/\/turkmenexporter.com\/es\/wp-json\/wp\/v2\/product_tag?post=12491"}],"curies":[{"name":"wp","href":"https:\/\/api.w.org\/{rel}","templated":true}]}}