{"id":12497,"date":"2024-10-31T02:03:54","date_gmt":"2024-10-30T21:03:54","guid":{"rendered":"https:\/\/turkmenexporter.com\/product\/alfombra-tejida-a-mano\/"},"modified":"2024-10-31T02:03:54","modified_gmt":"2024-10-30T21:03:54","slug":"alfombra-tejida-a-mano","status":"publish","type":"product","link":"https:\/\/turkmenexporter.com\/es\/producto\/alfombra-tejida-a-mano\/","title":{"rendered":"Alfombra tejida a mano en Turkmenist\u00e1n"},"content":{"rendered":"<p>Alfombra turcomana tejida a mano &#8211; Tejida a mano con t\u00e9cnicas tradicionales, esta alfombra turcomana hecha a mano a\u00f1ade elegancia a tu hogar. Base: Lana, Pelo: Lana, Tipo de tejido: Anudado a mano (nudo asim\u00e9trico), Densidad de nudos: aprox. 280.000 nudos por metro cuadrado, Grosor: \u224810 mm, Tama\u00f1o: Seg\u00fan los requisitos del cliente.  <\/p>\n","protected":false},"excerpt":{"rendered":"<p>Tejida a mano con t\u00e9cnicas tradicionales, esta alfombra turcomana a\u00f1ade elegancia a tu hogar. Precio por metro cuadrado. <\/p>\n","protected":false},"featured_media":12420,"comment_status":"open","ping_status":"closed","template":"","meta":{"_acf_changed":false},"brand":[863],"product_cat":[857],"product_tag":[],"class_list":{"0":"post-12497","1":"product","2":"type-product","3":"status-publish","4":"has-post-thumbnail","6":"brand-kumush-yupek-es","7":"product_cat-alfombras","9":"first","10":"instock","11":"shipping-taxable","12":"purchasable","13":"product-type-simple"},"acf":[],"_links":{"self":[{"href":"https:\/\/turkmenexporter.com\/es\/wp-json\/wp\/v2\/product\/12497","targetHints":{"allow":["GET"]}}],"collection":[{"href":"https:\/\/turkmenexporter.com\/es\/wp-json\/wp\/v2\/product"}],"about":[{"href":"https:\/\/turkmenexporter.com\/es\/wp-json\/wp\/v2\/types\/product"}],"replies":[{"embeddable":true,"href":"https:\/\/turkmenexporter.com\/es\/wp-json\/wp\/v2\/comments?post=12497"}],"version-history":[{"count":0,"href":"https:\/\/turkmenexporter.com\/es\/wp-json\/wp\/v2\/product\/12497\/revisions"}],"wp:featuredmedia":[{"embeddable":true,"href":"https:\/\/turkmenexporter.com\/es\/wp-json\/wp\/v2\/media\/12420"}],"wp:attachment":[{"href":"https:\/\/turkmenexporter.com\/es\/wp-json\/wp\/v2\/media?parent=12497"}],"wp:term":[{"taxonomy":"brand","embeddable":true,"href":"https:\/\/turkmenexporter.com\/es\/wp-json\/wp\/v2\/brand?post=12497"},{"taxonomy":"product_cat","embeddable":true,"href":"https:\/\/turkmenexporter.com\/es\/wp-json\/wp\/v2\/product_cat?post=12497"},{"taxonomy":"product_tag","embeddable":true,"href":"https:\/\/turkmenexporter.com\/es\/wp-json\/wp\/v2\/product_tag?post=12497"}],"curies":[{"name":"wp","href":"https:\/\/api.w.org\/{rel}","templated":true}]}}