{"id":12509,"date":"2024-10-31T02:03:55","date_gmt":"2024-10-30T21:03:55","guid":{"rendered":"https:\/\/turkmenexporter.com\/product\/alfombra-tradicional-turca\/"},"modified":"2024-10-31T02:03:55","modified_gmt":"2024-10-30T21:03:55","slug":"alfombra-tradicional-turca","status":"publish","type":"product","link":"https:\/\/turkmenexporter.com\/es\/producto\/alfombra-tradicional-turca\/","title":{"rendered":"Alfombra tradicional turcomana"},"content":{"rendered":"<p>Alfombra tradicional turcomana &#8211; Una impresionante alfombra tradicional turcomana hecha a mano, que muestra intrincados dise\u00f1os y artesan\u00eda. Base: Lana, Pelo: Lana, Tipo de tejido: Anudado a mano (nudo asim\u00e9trico), Densidad de nudos: aprox. 280.000 nudos por metro cuadrado, Grosor: \u224810 mm, Tama\u00f1o: Seg\u00fan los requisitos del cliente.  <\/p>\n","protected":false},"excerpt":{"rendered":"<p>Impresionante alfombra tradicional turcomana, con intrincados dise\u00f1os y artesan\u00eda. Precio por metro cuadrado. <\/p>\n","protected":false},"featured_media":12444,"comment_status":"open","ping_status":"closed","template":"","meta":{"_acf_changed":false},"brand":[863],"product_cat":[857],"product_tag":[],"class_list":{"0":"post-12509","1":"product","2":"type-product","3":"status-publish","4":"has-post-thumbnail","6":"brand-kumush-yupek-es","7":"product_cat-alfombras","9":"first","10":"instock","11":"shipping-taxable","12":"purchasable","13":"product-type-simple"},"acf":[],"_links":{"self":[{"href":"https:\/\/turkmenexporter.com\/es\/wp-json\/wp\/v2\/product\/12509","targetHints":{"allow":["GET"]}}],"collection":[{"href":"https:\/\/turkmenexporter.com\/es\/wp-json\/wp\/v2\/product"}],"about":[{"href":"https:\/\/turkmenexporter.com\/es\/wp-json\/wp\/v2\/types\/product"}],"replies":[{"embeddable":true,"href":"https:\/\/turkmenexporter.com\/es\/wp-json\/wp\/v2\/comments?post=12509"}],"version-history":[{"count":0,"href":"https:\/\/turkmenexporter.com\/es\/wp-json\/wp\/v2\/product\/12509\/revisions"}],"wp:featuredmedia":[{"embeddable":true,"href":"https:\/\/turkmenexporter.com\/es\/wp-json\/wp\/v2\/media\/12444"}],"wp:attachment":[{"href":"https:\/\/turkmenexporter.com\/es\/wp-json\/wp\/v2\/media?parent=12509"}],"wp:term":[{"taxonomy":"brand","embeddable":true,"href":"https:\/\/turkmenexporter.com\/es\/wp-json\/wp\/v2\/brand?post=12509"},{"taxonomy":"product_cat","embeddable":true,"href":"https:\/\/turkmenexporter.com\/es\/wp-json\/wp\/v2\/product_cat?post=12509"},{"taxonomy":"product_tag","embeddable":true,"href":"https:\/\/turkmenexporter.com\/es\/wp-json\/wp\/v2\/product_tag?post=12509"}],"curies":[{"name":"wp","href":"https:\/\/api.w.org\/{rel}","templated":true}]}}