{"id":12521,"date":"2024-10-31T02:03:56","date_gmt":"2024-10-30T21:03:56","guid":{"rendered":"https:\/\/turkmenexporter.com\/product\/alfombra-turca-utentica\/"},"modified":"2024-10-31T02:03:56","modified_gmt":"2024-10-30T21:03:56","slug":"alfombra-turca-utentica","status":"publish","type":"product","link":"https:\/\/turkmenexporter.com\/es\/producto\/alfombra-turca-utentica\/","title":{"rendered":"Alfombra turcomana aut\u00e9ntica"},"content":{"rendered":"<p>Aut\u00e9ntica alfombra turcomana &#8211; Aut\u00e9ntica alfombra turcomana hecha a mano, que refleja la riqueza de su patrimonio cultural y su arte. Base: Lana, Pelo: Lana, Tipo de tejido: Anudado a mano (nudo asim\u00e9trico), Densidad de nudos: aprox. 280.000 nudos por metro cuadrado, Grosor: \u224810 mm, Tama\u00f1o: Seg\u00fan los requisitos del cliente.  <\/p>\n","protected":false},"excerpt":{"rendered":"<p>Aut\u00e9ntica alfombra turcomana, reflejo del rico patrimonio cultural y art\u00edstico. Precio por metro cuadrado. <\/p>\n","protected":false},"featured_media":12384,"comment_status":"open","ping_status":"closed","template":"","meta":{"_acf_changed":false},"brand":[863],"product_cat":[857],"product_tag":[],"class_list":{"0":"post-12521","1":"product","2":"type-product","3":"status-publish","4":"has-post-thumbnail","6":"brand-kumush-yupek-es","7":"product_cat-alfombras","9":"first","10":"instock","11":"shipping-taxable","12":"purchasable","13":"product-type-simple"},"acf":[],"_links":{"self":[{"href":"https:\/\/turkmenexporter.com\/es\/wp-json\/wp\/v2\/product\/12521","targetHints":{"allow":["GET"]}}],"collection":[{"href":"https:\/\/turkmenexporter.com\/es\/wp-json\/wp\/v2\/product"}],"about":[{"href":"https:\/\/turkmenexporter.com\/es\/wp-json\/wp\/v2\/types\/product"}],"replies":[{"embeddable":true,"href":"https:\/\/turkmenexporter.com\/es\/wp-json\/wp\/v2\/comments?post=12521"}],"version-history":[{"count":0,"href":"https:\/\/turkmenexporter.com\/es\/wp-json\/wp\/v2\/product\/12521\/revisions"}],"wp:featuredmedia":[{"embeddable":true,"href":"https:\/\/turkmenexporter.com\/es\/wp-json\/wp\/v2\/media\/12384"}],"wp:attachment":[{"href":"https:\/\/turkmenexporter.com\/es\/wp-json\/wp\/v2\/media?parent=12521"}],"wp:term":[{"taxonomy":"brand","embeddable":true,"href":"https:\/\/turkmenexporter.com\/es\/wp-json\/wp\/v2\/brand?post=12521"},{"taxonomy":"product_cat","embeddable":true,"href":"https:\/\/turkmenexporter.com\/es\/wp-json\/wp\/v2\/product_cat?post=12521"},{"taxonomy":"product_tag","embeddable":true,"href":"https:\/\/turkmenexporter.com\/es\/wp-json\/wp\/v2\/product_tag?post=12521"}],"curies":[{"name":"wp","href":"https:\/\/api.w.org\/{rel}","templated":true}]}}