{"id":13539,"date":"2025-02-19T06:47:12","date_gmt":"2025-02-19T01:47:12","guid":{"rendered":"https:\/\/turkmenexporter.com\/product\/hilo-termofijado\/"},"modified":"2025-02-19T06:47:12","modified_gmt":"2025-02-19T01:47:12","slug":"hilo-termofijado","status":"publish","type":"product","link":"https:\/\/turkmenexporter.com\/es\/producto\/hilo-termofijado\/","title":{"rendered":"Hilo termofijado"},"content":{"rendered":"<p>Los hilos Heat Set de Golden Yarn est\u00e1n dise\u00f1ados para ofrecer un rendimiento \u00f3ptimo en alfombras y moquetas de alta calidad. Nuestro proceso Heat Set mejora la durabilidad del hilo, su resistencia al calor y su capacidad para conservar la forma, lo que lo convierte en la opci\u00f3n ideal para soluciones de suelo duraderas. Los hilos se someten a un proceso de tratamiento t\u00e9rmico que garantiza una textura consistente, un rendimiento mejorado y una paleta de colores vibrantes. Los hilos Heat Set de Golden Yarn est\u00e1n dise\u00f1ados para satisfacer las demandas de los mercados de suelos residenciales y comerciales, ofreciendo una calidad superior a precios competitivos. Materia prima: Polipropileno (PP)    <\/p>\n<p class=\"elementor-heading-title elementor-size-default\"><strong>Puedes hacer un pedido espec\u00edfico<\/strong><\/p>\n<div class=\"elementor-element elementor-element-1ab09687 e-flex e-con-boxed e-con e-parent e-lazyloaded\" data-id=\"1ab09687\" data-element_type=\"container\">\n<div class=\"e-con-inner\">\n<div class=\"elementor-element elementor-element-1494d99a elementor-widget__width-initial elementor-widget elementor-widget-icon-box\" data-id=\"1494d99a\" data-element_type=\"widget\" data-widget_type=\"icon-box.default\">\n<div class=\"elementor-widget-container\">\n<div class=\"elementor-icon-box-wrapper\">\n<div class=\"elementor-icon-box-content\">\n<p class=\"elementor-icon-box-description\"><strong>Dtex : <\/strong>de 800 a 5000 dtex<\/p>\n<\/div>\n<\/div>\n<\/div>\n<\/div>\n<div class=\"elementor-element elementor-element-373b1101 elementor-widget__width-initial elementor-widget elementor-widget-icon-box\" data-id=\"373b1101\" data-element_type=\"widget\" data-widget_type=\"icon-box.default\">\n<div class=\"elementor-widget-container\">\n<div class=\"elementor-icon-box-wrapper\">\n<div class=\"elementor-icon-box-content\">\n<p class=\"elementor-icon-box-title\"><strong>Filamentos : <\/strong>120-480<\/p>\n<\/div>\n<\/div>\n<\/div>\n<\/div>\n<div class=\"elementor-element elementor-element-6a7f98ee elementor-widget__width-initial elementor-widget elementor-widget-icon-box\" data-id=\"6a7f98ee\" data-element_type=\"widget\" data-widget_type=\"icon-box.default\">\n<div class=\"elementor-widget-container\">\n<div class=\"elementor-icon-box-wrapper\">\n<div class=\"elementor-icon-box-content\">\n<p class=\"elementor-icon-box-title\"><strong>Forma de la hilera : <\/strong>Trilobal, Delta, Circular (u opciones personalizadas)<\/p>\n<\/div>\n<\/div>\n<\/div>\n<\/div>\n<div class=\"elementor-element elementor-element-3410f007 elementor-widget__width-initial elementor-widget elementor-widget-icon-box\" data-id=\"3410f007\" data-element_type=\"widget\" data-widget_type=\"icon-box.default\">\n<div class=\"elementor-widget-container\">\n<div class=\"elementor-icon-box-wrapper\">\n<div class=\"elementor-icon-box-content\">\n<p class=\"elementor-icon-box-title\"><strong>Alargamiento (%) : <\/strong>30-60<\/p>\n<\/div>\n<\/div>\n<\/div>\n<\/div>\n<div class=\"elementor-element elementor-element-23d3366b elementor-widget__width-initial elementor-widget elementor-widget-icon-box\" data-id=\"23d3366b\" data-element_type=\"widget\" data-widget_type=\"icon-box.default\">\n<div class=\"elementor-widget-container\">\n<div class=\"elementor-icon-box-wrapper\">\n<div class=\"elementor-icon-box-content\">\n<p class=\"elementor-icon-box-title\"><strong>Tenacidad : <\/strong>1,8-2,5<\/p>\n<\/div>\n<\/div>\n<\/div>\n<\/div>\n<\/div>\n<\/div>\n<div class=\"elementor-element elementor-element-2a0a0695 e-flex e-con-boxed e-con e-parent e-lazyloaded\" data-id=\"2a0a0695\" data-element_type=\"container\">\n<div class=\"e-con-inner\">\n<div class=\"elementor-element elementor-element-750c817 elementor-widget__width-initial elementor-widget elementor-widget-icon-box\" data-id=\"750c817\" data-element_type=\"widget\" data-widget_type=\"icon-box.default\">\n<div class=\"elementor-widget-container\">\n<div class=\"elementor-icon-box-wrapper\">\n<div class=\"elementor-icon-box-content\">\n<p class=\"elementor-icon-box-title\"><strong>Crimpado (%) : <\/strong>18-25<\/p>\n<\/div>\n<\/div>\n<\/div>\n<\/div>\n<div class=\"elementor-element elementor-element-2f0e9b54 elementor-widget__width-initial elementor-widget elementor-widget-icon-box\" data-id=\"2f0e9b54\" data-element_type=\"widget\" data-widget_type=\"icon-box.default\">\n<div class=\"elementor-widget-container\">\n<div class=\"elementor-icon-box-wrapper\">\n<div class=\"elementor-icon-box-content\">\n<p class=\"elementor-icon-box-title\"><strong>Encogimiento (%) : <\/strong>3-5<\/p>\n<\/div>\n<\/div>\n<\/div>\n<\/div>\n<div class=\"elementor-element elementor-element-39a09b87 elementor-widget__width-initial elementor-widget elementor-widget-icon-box\" data-id=\"39a09b87\" data-element_type=\"widget\" data-widget_type=\"icon-box.default\">\n<div class=\"elementor-widget-container\">\n<div class=\"elementor-icon-box-wrapper\">\n<div class=\"elementor-icon-box-content\">\n<p class=\"elementor-icon-box-title\"><strong>Aceite de hilatura (%) : <\/strong>0,8 &#8211; 1,2<\/p>\n<\/div>\n<\/div>\n<\/div>\n<\/div>\n<div class=\"elementor-element elementor-element-344410d1 elementor-widget__width-initial elementor-widget elementor-widget-icon-box\" data-id=\"344410d1\" data-element_type=\"widget\" data-widget_type=\"icon-box.default\">\n<div class=\"elementor-widget-container\">\n<div class=\"elementor-icon-box-wrapper\">\n<div class=\"elementor-icon-box-content\">\n<p class=\"elementor-icon-box-title\"><strong>Solidez al frote : <\/strong>6-7<\/p>\n<\/div>\n<\/div>\n<\/div>\n<\/div>\n<div class=\"elementor-element elementor-element-56acd590 elementor-widget__width-initial elementor-widget elementor-widget-icon-box\" data-id=\"56acd590\" data-element_type=\"widget\" data-widget_type=\"icon-box.default\">\n<div class=\"elementor-widget-container\">\n<div class=\"elementor-icon-box-wrapper\">\n<div class=\"elementor-icon-box-content\">\n<p class=\"elementor-icon-box-title\"><strong>Torsi\u00f3n : <\/strong>40 TPM-700 Tpm S, Z Simple y Cableado<\/p>\n<\/div>\n<\/div>\n<\/div>\n<\/div>\n<div class=\"elementor-element elementor-element-54cd13ff elementor-widget__width-initial elementor-widget elementor-widget-icon-box\" data-id=\"54cd13ff\" data-element_type=\"widget\" data-widget_type=\"icon-box.default\">\n<div class=\"elementor-widget-container\">\n<div class=\"elementor-icon-box-wrapper\">\n<div class=\"elementor-icon-box-content\">\n<p class=\"elementor-icon-box-title\"><strong>N\u00famero de nudos (m) : <\/strong>20-35<\/p>\n<\/div>\n<\/div>\n<\/div>\n<\/div>\n<\/div>\n<\/div>\n","protected":false},"excerpt":{"rendered":"<p>El precio indicado es por 1 kg.<\/p>\n<p>Los hilos Heat Set de Golden Yarn ofrecen una excepcional resistencia al calor, durabilidad y retenci\u00f3n de la forma, ideales para crear alfombras y moquetas de alta calidad y larga duraci\u00f3n.<\/p>\n","protected":false},"featured_media":13357,"comment_status":"open","ping_status":"closed","template":"","meta":{"_acf_changed":false},"brand":[870],"product_cat":[882],"product_tag":[],"class_list":{"0":"post-13539","1":"product","2":"type-product","3":"status-publish","4":"has-post-thumbnail","6":"brand-golden-yarn-es","7":"product_cat-hilos-de-polipropileno-para-alfombras","9":"first","10":"instock","11":"shipping-taxable","12":"purchasable","13":"product-type-simple"},"acf":[],"_links":{"self":[{"href":"https:\/\/turkmenexporter.com\/es\/wp-json\/wp\/v2\/product\/13539","targetHints":{"allow":["GET"]}}],"collection":[{"href":"https:\/\/turkmenexporter.com\/es\/wp-json\/wp\/v2\/product"}],"about":[{"href":"https:\/\/turkmenexporter.com\/es\/wp-json\/wp\/v2\/types\/product"}],"replies":[{"embeddable":true,"href":"https:\/\/turkmenexporter.com\/es\/wp-json\/wp\/v2\/comments?post=13539"}],"version-history":[{"count":0,"href":"https:\/\/turkmenexporter.com\/es\/wp-json\/wp\/v2\/product\/13539\/revisions"}],"wp:featuredmedia":[{"embeddable":true,"href":"https:\/\/turkmenexporter.com\/es\/wp-json\/wp\/v2\/media\/13357"}],"wp:attachment":[{"href":"https:\/\/turkmenexporter.com\/es\/wp-json\/wp\/v2\/media?parent=13539"}],"wp:term":[{"taxonomy":"brand","embeddable":true,"href":"https:\/\/turkmenexporter.com\/es\/wp-json\/wp\/v2\/brand?post=13539"},{"taxonomy":"product_cat","embeddable":true,"href":"https:\/\/turkmenexporter.com\/es\/wp-json\/wp\/v2\/product_cat?post=13539"},{"taxonomy":"product_tag","embeddable":true,"href":"https:\/\/turkmenexporter.com\/es\/wp-json\/wp\/v2\/product_tag?post=13539"}],"curies":[{"name":"wp","href":"https:\/\/api.w.org\/{rel}","templated":true}]}}