{"id":13737,"date":"2025-03-03T22:40:23","date_gmt":"2025-03-03T17:40:23","guid":{"rendered":"https:\/\/turkmenexporter.com\/product\/alemgoshar-gotas-de-azucar\/"},"modified":"2025-03-22T23:41:48","modified_gmt":"2025-03-22T18:41:48","slug":"alemgoshar-gotas-de-azucar","status":"publish","type":"product","link":"https:\/\/turkmenexporter.com\/es\/producto\/alemgoshar-gotas-de-azucar\/","title":{"rendered":"ALEMGOSHAR Gotas de az\u00facar"},"content":{"rendered":"<p>Ingredientes: Az\u00facar granulado, melaza, regulador de la acidez \u00e1cido c\u00edtrico (E330), capol, aromas id\u00e9nticos a los naturales \u00abLim\u00f3n\u00bb, \u00abSand\u00eda\u00bb, \u00abManzana\u00bb, colorantes alimentarios E102, E124, E102 + E133. Condiciones de conservaci\u00f3n: En un lugar seco y fresco, a una temperatura elevada de 18+3 \u00b0C y la humedad no debe ser superior al 75%. <\/p>\n<p>Caducidad: 12 meses. Producto certificado.<br \/>\nNo contiene OMG.<\/p>\n","protected":false},"excerpt":{"rendered":"<p>Paquete de gotas de az\u00facar 25 g.<\/p>\n<p>32 paquetes en un fardo. 8 paquetes en una caja. <\/p>\n<p>Peso bruto de la caja 7,1 kg.<\/p>\n","protected":false},"featured_media":13703,"comment_status":"open","ping_status":"closed","template":"","meta":{"_acf_changed":false},"brand":[899],"product_cat":[316],"product_tag":[],"class_list":{"0":"post-13737","1":"product","2":"type-product","3":"status-publish","4":"has-post-thumbnail","6":"brand-balsheker-es","7":"product_cat-caramelos","9":"first","10":"instock","11":"shipping-taxable","12":"purchasable","13":"product-type-simple"},"acf":[],"_links":{"self":[{"href":"https:\/\/turkmenexporter.com\/es\/wp-json\/wp\/v2\/product\/13737","targetHints":{"allow":["GET"]}}],"collection":[{"href":"https:\/\/turkmenexporter.com\/es\/wp-json\/wp\/v2\/product"}],"about":[{"href":"https:\/\/turkmenexporter.com\/es\/wp-json\/wp\/v2\/types\/product"}],"replies":[{"embeddable":true,"href":"https:\/\/turkmenexporter.com\/es\/wp-json\/wp\/v2\/comments?post=13737"}],"version-history":[{"count":4,"href":"https:\/\/turkmenexporter.com\/es\/wp-json\/wp\/v2\/product\/13737\/revisions"}],"predecessor-version":[{"id":14264,"href":"https:\/\/turkmenexporter.com\/es\/wp-json\/wp\/v2\/product\/13737\/revisions\/14264"}],"wp:featuredmedia":[{"embeddable":true,"href":"https:\/\/turkmenexporter.com\/es\/wp-json\/wp\/v2\/media\/13703"}],"wp:attachment":[{"href":"https:\/\/turkmenexporter.com\/es\/wp-json\/wp\/v2\/media?parent=13737"}],"wp:term":[{"taxonomy":"brand","embeddable":true,"href":"https:\/\/turkmenexporter.com\/es\/wp-json\/wp\/v2\/brand?post=13737"},{"taxonomy":"product_cat","embeddable":true,"href":"https:\/\/turkmenexporter.com\/es\/wp-json\/wp\/v2\/product_cat?post=13737"},{"taxonomy":"product_tag","embeddable":true,"href":"https:\/\/turkmenexporter.com\/es\/wp-json\/wp\/v2\/product_tag?post=13737"}],"curies":[{"name":"wp","href":"https:\/\/api.w.org\/{rel}","templated":true}]}}