{"id":13738,"date":"2025-03-04T00:11:32","date_gmt":"2025-03-03T19:11:32","guid":{"rendered":"https:\/\/turkmenexporter.com\/product\/alimentos-dieteticos-con-salvado\/"},"modified":"2025-03-22T23:41:44","modified_gmt":"2025-03-22T18:41:44","slug":"alimentos-dieteticos-con-salvado","status":"publish","type":"product","link":"https:\/\/turkmenexporter.com\/es\/producto\/alimentos-dieteticos-con-salvado\/","title":{"rendered":"Alimentos diet\u00e9ticos con salvado"},"content":{"rendered":"<p>Composici\u00f3n del producto: harina de trigo de primera calidad, salvado de trigo, salvado de alforf\u00f3n, harina de centeno, harina de ma\u00edz, harina de avena, harina de arroz, cacao en polvo, cilantro, sal.<\/p>\n<p>Condiciones de almacenamiento: En un lugar seco y fresco, a una temperatura elevada de 18 \u00b0C y la humedad no debe ser superior al 70%.<\/p>\n<p>Caducidad: 6 meses. Producto certificado.<br \/>\nNo contiene OMG.<\/p>\n","protected":false},"excerpt":{"rendered":"<p>Alimento diet\u00e9tico 100 g.<br \/>\n10 paquetes en una caja.<br \/>\nPeso bruto de la caja 1,6 kg.<\/p>\n","protected":false},"featured_media":13717,"comment_status":"open","ping_status":"closed","template":"","meta":{"_acf_changed":false},"brand":[899],"product_cat":[925],"product_tag":[],"class_list":{"0":"post-13738","1":"product","2":"type-product","3":"status-publish","4":"has-post-thumbnail","6":"brand-balsheker-es","7":"product_cat-cereales","9":"first","10":"instock","11":"shipping-taxable","12":"purchasable","13":"product-type-simple"},"acf":[],"_links":{"self":[{"href":"https:\/\/turkmenexporter.com\/es\/wp-json\/wp\/v2\/product\/13738","targetHints":{"allow":["GET"]}}],"collection":[{"href":"https:\/\/turkmenexporter.com\/es\/wp-json\/wp\/v2\/product"}],"about":[{"href":"https:\/\/turkmenexporter.com\/es\/wp-json\/wp\/v2\/types\/product"}],"replies":[{"embeddable":true,"href":"https:\/\/turkmenexporter.com\/es\/wp-json\/wp\/v2\/comments?post=13738"}],"version-history":[{"count":3,"href":"https:\/\/turkmenexporter.com\/es\/wp-json\/wp\/v2\/product\/13738\/revisions"}],"predecessor-version":[{"id":14257,"href":"https:\/\/turkmenexporter.com\/es\/wp-json\/wp\/v2\/product\/13738\/revisions\/14257"}],"wp:featuredmedia":[{"embeddable":true,"href":"https:\/\/turkmenexporter.com\/es\/wp-json\/wp\/v2\/media\/13717"}],"wp:attachment":[{"href":"https:\/\/turkmenexporter.com\/es\/wp-json\/wp\/v2\/media?parent=13738"}],"wp:term":[{"taxonomy":"brand","embeddable":true,"href":"https:\/\/turkmenexporter.com\/es\/wp-json\/wp\/v2\/brand?post=13738"},{"taxonomy":"product_cat","embeddable":true,"href":"https:\/\/turkmenexporter.com\/es\/wp-json\/wp\/v2\/product_cat?post=13738"},{"taxonomy":"product_tag","embeddable":true,"href":"https:\/\/turkmenexporter.com\/es\/wp-json\/wp\/v2\/product_tag?post=13738"}],"curies":[{"name":"wp","href":"https:\/\/api.w.org\/{rel}","templated":true}]}}