{"id":13846,"date":"2025-03-05T06:50:03","date_gmt":"2025-03-05T01:50:03","guid":{"rendered":"https:\/\/turkmenexporter.com\/product\/caramelo-con-sabor-a-manzana-y-sandia\/"},"modified":"2025-03-22T23:41:45","modified_gmt":"2025-03-22T18:41:45","slug":"caramelo-con-sabor-a-manzana-y-sandia","status":"publish","type":"product","link":"https:\/\/turkmenexporter.com\/es\/producto\/caramelo-con-sabor-a-manzana-y-sandia\/","title":{"rendered":"Caramelo con sabor a manzana y sand\u00eda"},"content":{"rendered":"<p>Composici\u00f3n del producto: az\u00facar granulado, melaza, regulador de la acidez \u00e1cido c\u00edtrico (E330), aromas id\u00e9nticos a los naturales \u00abSand\u00eda\u00bb, \u00abManzana\u00bb colorantes alimentarios E102, E124, E102 + E133.<\/p>\n<p>Condiciones de almacenamiento: en un lugar seco y fresco, a una temperatura elevada de 18\u00b13 \u00b0C y la humedad debe mantenerse a no m\u00e1s del 75%.<\/p>\n<p>Caducidad: 6 meses. Producto certificado.<br \/>\nNo contiene OMG.<\/p>\n","protected":false},"excerpt":{"rendered":"<div class=\"elementor-element elementor-element-2cce439 elementor-widget__width-initial elementor-widget elementor-widget-woocommerce-product-short-description\" data-id=\"2cce439\" data-element_type=\"widget\" data-widget_type=\"woocommerce-product-short-description.default\">\n<div class=\"elementor-widget-container\">\n<div class=\"woocommerce-product-details__short-description\">\n<p>Caramelo 25 g.<\/p>\n<p>50 unidades por paquete. 8 paquetes en una caja. <\/p>\n<p>Peso bruto de la caja 10,4 kg.<\/p>\n<\/div>\n<\/div>\n<\/div>\n","protected":false},"featured_media":13763,"comment_status":"open","ping_status":"closed","template":"","meta":{"_acf_changed":false},"brand":[899],"product_cat":[316],"product_tag":[],"class_list":{"0":"post-13846","1":"product","2":"type-product","3":"status-publish","4":"has-post-thumbnail","6":"brand-balsheker-es","7":"product_cat-caramelos","9":"first","10":"instock","11":"shipping-taxable","12":"purchasable","13":"product-type-simple"},"acf":[],"_links":{"self":[{"href":"https:\/\/turkmenexporter.com\/es\/wp-json\/wp\/v2\/product\/13846","targetHints":{"allow":["GET"]}}],"collection":[{"href":"https:\/\/turkmenexporter.com\/es\/wp-json\/wp\/v2\/product"}],"about":[{"href":"https:\/\/turkmenexporter.com\/es\/wp-json\/wp\/v2\/types\/product"}],"replies":[{"embeddable":true,"href":"https:\/\/turkmenexporter.com\/es\/wp-json\/wp\/v2\/comments?post=13846"}],"version-history":[{"count":2,"href":"https:\/\/turkmenexporter.com\/es\/wp-json\/wp\/v2\/product\/13846\/revisions"}],"predecessor-version":[{"id":14258,"href":"https:\/\/turkmenexporter.com\/es\/wp-json\/wp\/v2\/product\/13846\/revisions\/14258"}],"wp:featuredmedia":[{"embeddable":true,"href":"https:\/\/turkmenexporter.com\/es\/wp-json\/wp\/v2\/media\/13763"}],"wp:attachment":[{"href":"https:\/\/turkmenexporter.com\/es\/wp-json\/wp\/v2\/media?parent=13846"}],"wp:term":[{"taxonomy":"brand","embeddable":true,"href":"https:\/\/turkmenexporter.com\/es\/wp-json\/wp\/v2\/brand?post=13846"},{"taxonomy":"product_cat","embeddable":true,"href":"https:\/\/turkmenexporter.com\/es\/wp-json\/wp\/v2\/product_cat?post=13846"},{"taxonomy":"product_tag","embeddable":true,"href":"https:\/\/turkmenexporter.com\/es\/wp-json\/wp\/v2\/product_tag?post=13846"}],"curies":[{"name":"wp","href":"https:\/\/api.w.org\/{rel}","templated":true}]}}