{"id":13856,"date":"2025-03-05T06:15:58","date_gmt":"2025-03-05T01:15:58","guid":{"rendered":"https:\/\/turkmenexporter.com\/product\/ballbon-caramelo\/"},"modified":"2025-03-08T17:31:17","modified_gmt":"2025-03-08T12:31:17","slug":"ballbon-caramelo","status":"publish","type":"product","link":"https:\/\/turkmenexporter.com\/es\/producto\/ballbon-caramelo\/","title":{"rendered":"BALLBON Caramelo"},"content":{"rendered":"<p data-start=\"157\" data-end=\"511\">Del\u00e9itese con el rico y suave sabor del caramelo Balsheker BALLBON Candy Caramel, elaborado por expertos para ofrecer un delicioso y cremoso sabor a caramelo en cada bocado. Elaborados con ingredientes de primera calidad y modernas t\u00e9cnicas de confiter\u00eda, estos irresistibles caramelos se deshacen en la boca, ofreciendo un equilibrio perfecto de dulzor y textura. <\/p>\n<p>Composici\u00f3n del producto: az\u00facar granulado, melaza, regulador de la acidez \u00e1cido c\u00edtrico (E330), aromas id\u00e9nticos a los naturales \u00abEucalipto\u00bb, \u00abPera duquesa\u00bb, \u00abAgracejo\u00bb, \u00abMenta\u00bb, colorantes alimentarios sint\u00e9ticos E102 + E133.<\/p>\n<p>Condiciones de almacenamiento: En un lugar seco y fresco, a una temperatura elevada de 18\u00b13 \u00b0C y la humedad debe mantenerse a no m\u00e1s del 75%.<\/p>\n<p>Caducidad: 6 meses. Producto certificado.<\/p>\n<p>No contiene OMG.<\/p>\n","protected":false},"excerpt":{"rendered":"<p>Caramelos de caramelo en paquete polietileno 1000 gr.<br \/>\n7 paquetes en una caja.<br \/>\nPeso bruto de la caja 7,33 kg.<\/p>\n","protected":false},"featured_media":13753,"comment_status":"open","ping_status":"closed","template":"","meta":{"_acf_changed":false},"brand":[899],"product_cat":[316],"product_tag":[],"class_list":{"0":"post-13856","1":"product","2":"type-product","3":"status-publish","4":"has-post-thumbnail","6":"brand-balsheker-es","7":"product_cat-caramelos","9":"first","10":"instock","11":"shipping-taxable","12":"purchasable","13":"product-type-simple"},"acf":[],"_links":{"self":[{"href":"https:\/\/turkmenexporter.com\/es\/wp-json\/wp\/v2\/product\/13856","targetHints":{"allow":["GET"]}}],"collection":[{"href":"https:\/\/turkmenexporter.com\/es\/wp-json\/wp\/v2\/product"}],"about":[{"href":"https:\/\/turkmenexporter.com\/es\/wp-json\/wp\/v2\/types\/product"}],"replies":[{"embeddable":true,"href":"https:\/\/turkmenexporter.com\/es\/wp-json\/wp\/v2\/comments?post=13856"}],"version-history":[{"count":1,"href":"https:\/\/turkmenexporter.com\/es\/wp-json\/wp\/v2\/product\/13856\/revisions"}],"predecessor-version":[{"id":13950,"href":"https:\/\/turkmenexporter.com\/es\/wp-json\/wp\/v2\/product\/13856\/revisions\/13950"}],"wp:featuredmedia":[{"embeddable":true,"href":"https:\/\/turkmenexporter.com\/es\/wp-json\/wp\/v2\/media\/13753"}],"wp:attachment":[{"href":"https:\/\/turkmenexporter.com\/es\/wp-json\/wp\/v2\/media?parent=13856"}],"wp:term":[{"taxonomy":"brand","embeddable":true,"href":"https:\/\/turkmenexporter.com\/es\/wp-json\/wp\/v2\/brand?post=13856"},{"taxonomy":"product_cat","embeddable":true,"href":"https:\/\/turkmenexporter.com\/es\/wp-json\/wp\/v2\/product_cat?post=13856"},{"taxonomy":"product_tag","embeddable":true,"href":"https:\/\/turkmenexporter.com\/es\/wp-json\/wp\/v2\/product_tag?post=13856"}],"curies":[{"name":"wp","href":"https:\/\/api.w.org\/{rel}","templated":true}]}}