{"id":13972,"date":"2025-03-08T17:49:20","date_gmt":"2025-03-08T12:49:20","guid":{"rendered":"https:\/\/turkmenexporter.com\/product\/chocolate-dragee-chocolaris\/"},"modified":"2025-03-22T23:41:24","modified_gmt":"2025-03-22T18:41:24","slug":"chocolate-dragee-chocolaris","status":"publish","type":"product","link":"https:\/\/turkmenexporter.com\/es\/producto\/chocolate-dragee-chocolaris\/","title":{"rendered":"chocolate dragee CHOCOLARIS"},"content":{"rendered":"<div class=\"flex max-w-full flex-col flex-grow\">\n<div class=\"min-h-8 text-message relative flex w-full flex-col items-end gap-2 whitespace-normal break-words text-start [.text-message+&amp;]:mt-5\" dir=\"auto\" data-message-author-role=\"assistant\" data-message-id=\"95d161ae-399a-4c8b-80ca-ab1ff7456692\" data-message-model-slug=\"gpt-4o\">\n<div class=\"flex w-full flex-col gap-1 empty:hidden first:pt-[3px]\">\n<div class=\"markdown prose w-full break-words dark:prose-invert dark\">\n<p>Composici\u00f3n del producto: az\u00facar, cacao en polvo, glaseado de chocolate, goma ar\u00e1biga, az\u00facar en polvo, colorantes naturales E124, E102, E133.<\/p>\n<div class=\"flex max-w-full flex-col flex-grow\">\n<div class=\"min-h-8 text-message relative flex w-full flex-col items-end gap-2 whitespace-normal break-words text-start [.text-message+&amp;]:mt-5\" dir=\"auto\" data-message-author-role=\"assistant\" data-message-id=\"0502f464-ef7d-4745-bf2c-c2f381bcee82\" data-message-model-slug=\"gpt-4o\">\n<div class=\"flex w-full flex-col gap-1 empty:hidden first:pt-[3px]\">\n<div class=\"markdown prose w-full break-words dark:prose-invert dark\">\n<p data-start=\"0\" data-end=\"119\" data-is-last-node=\"\" data-is-only-node=\"\">Condiciones de almacenamiento: Almacenar en un lugar seco y fresco a una temperatura de 18\u00b0C y una humedad relativa no superior al 75%.<\/p>\n<\/div>\n<\/div>\n<\/div>\n<\/div>\n<p>Caducidad: 6 meses. Producto certificado.<br \/>\nNo contiene OMG.<\/p>\n<\/div>\n<\/div>\n<\/div>\n<\/div>\n","protected":false},"excerpt":{"rendered":"<p>Gragea de chocolate 35g.<\/p>\n<p>24 paquetes en un fardo. 8 paquetes en una caja. <\/p>\n<p>Peso bruto de la caja 9,15 kg.<\/p>\n","protected":false},"featured_media":13958,"comment_status":"open","ping_status":"closed","template":"","meta":{"_acf_changed":false},"brand":[899],"product_cat":[318],"product_tag":[],"class_list":{"0":"post-13972","1":"product","2":"type-product","3":"status-publish","4":"has-post-thumbnail","6":"brand-balsheker-es","7":"product_cat-chocolate","9":"first","10":"instock","11":"shipping-taxable","12":"purchasable","13":"product-type-simple"},"acf":[],"_links":{"self":[{"href":"https:\/\/turkmenexporter.com\/es\/wp-json\/wp\/v2\/product\/13972","targetHints":{"allow":["GET"]}}],"collection":[{"href":"https:\/\/turkmenexporter.com\/es\/wp-json\/wp\/v2\/product"}],"about":[{"href":"https:\/\/turkmenexporter.com\/es\/wp-json\/wp\/v2\/types\/product"}],"replies":[{"embeddable":true,"href":"https:\/\/turkmenexporter.com\/es\/wp-json\/wp\/v2\/comments?post=13972"}],"version-history":[{"count":1,"href":"https:\/\/turkmenexporter.com\/es\/wp-json\/wp\/v2\/product\/13972\/revisions"}],"predecessor-version":[{"id":14249,"href":"https:\/\/turkmenexporter.com\/es\/wp-json\/wp\/v2\/product\/13972\/revisions\/14249"}],"wp:featuredmedia":[{"embeddable":true,"href":"https:\/\/turkmenexporter.com\/es\/wp-json\/wp\/v2\/media\/13958"}],"wp:attachment":[{"href":"https:\/\/turkmenexporter.com\/es\/wp-json\/wp\/v2\/media?parent=13972"}],"wp:term":[{"taxonomy":"brand","embeddable":true,"href":"https:\/\/turkmenexporter.com\/es\/wp-json\/wp\/v2\/brand?post=13972"},{"taxonomy":"product_cat","embeddable":true,"href":"https:\/\/turkmenexporter.com\/es\/wp-json\/wp\/v2\/product_cat?post=13972"},{"taxonomy":"product_tag","embeddable":true,"href":"https:\/\/turkmenexporter.com\/es\/wp-json\/wp\/v2\/product_tag?post=13972"}],"curies":[{"name":"wp","href":"https:\/\/api.w.org\/{rel}","templated":true}]}}