{"id":13974,"date":"2025-03-08T17:26:37","date_gmt":"2025-03-08T12:26:37","guid":{"rendered":"https:\/\/turkmenexporter.com\/product\/caramelo-con-sabor-a-sandia\/"},"modified":"2025-03-23T00:10:43","modified_gmt":"2025-03-22T19:10:43","slug":"caramelo-con-sabor-a-sandia","status":"publish","type":"product","link":"https:\/\/turkmenexporter.com\/es\/producto\/caramelo-con-sabor-a-sandia\/","title":{"rendered":"Caramelo con sabor a sand\u00eda"},"content":{"rendered":"<p>Balsheker Candy Caramel &#8211; Sabor Sand\u00eda est\u00e1 hecho con ingredientes de primera calidad para un sabor rico, refrescante e indulgente. \u00a1Perfecto para minoristas, mayoristas y amantes de los caramelos! <\/p>\n<p>Composici\u00f3n del producto: az\u00facar granulado, melaza, regulador de la acidez \u00e1cido c\u00edtrico (E330), aroma id\u00e9ntico al natural \u00abSand\u00eda\u00bb, colorante alimentario sint\u00e9tico E124.<\/p>\n<p>Condiciones de almacenamiento: En un lugar seco y fresco, a una temperatura elevada de 18\u00b13 \u00b0C y la humedad debe mantenerse a no m\u00e1s del 75%.<\/p>\n<p>Caducidad: 6 meses. Producto certificado.<\/p>\n<p>No contiene OMG.<\/p>\n","protected":false},"excerpt":{"rendered":"<p>Caramelo 30 g.<\/p>\n<p>35 piezas por paquete. 8 paquetes en una caja. <\/p>\n<p>Peso bruto de la caja 9 kg.<\/p>\n","protected":false},"featured_media":13925,"comment_status":"open","ping_status":"closed","template":"","meta":{"_acf_changed":false},"brand":[899],"product_cat":[316],"product_tag":[],"class_list":{"0":"post-13974","1":"product","2":"type-product","3":"status-publish","4":"has-post-thumbnail","6":"brand-balsheker-es","7":"product_cat-caramelos","9":"first","10":"instock","11":"shipping-taxable","12":"purchasable","13":"product-type-simple"},"acf":[],"_links":{"self":[{"href":"https:\/\/turkmenexporter.com\/es\/wp-json\/wp\/v2\/product\/13974","targetHints":{"allow":["GET"]}}],"collection":[{"href":"https:\/\/turkmenexporter.com\/es\/wp-json\/wp\/v2\/product"}],"about":[{"href":"https:\/\/turkmenexporter.com\/es\/wp-json\/wp\/v2\/types\/product"}],"replies":[{"embeddable":true,"href":"https:\/\/turkmenexporter.com\/es\/wp-json\/wp\/v2\/comments?post=13974"}],"version-history":[{"count":1,"href":"https:\/\/turkmenexporter.com\/es\/wp-json\/wp\/v2\/product\/13974\/revisions"}],"predecessor-version":[{"id":14294,"href":"https:\/\/turkmenexporter.com\/es\/wp-json\/wp\/v2\/product\/13974\/revisions\/14294"}],"wp:featuredmedia":[{"embeddable":true,"href":"https:\/\/turkmenexporter.com\/es\/wp-json\/wp\/v2\/media\/13925"}],"wp:attachment":[{"href":"https:\/\/turkmenexporter.com\/es\/wp-json\/wp\/v2\/media?parent=13974"}],"wp:term":[{"taxonomy":"brand","embeddable":true,"href":"https:\/\/turkmenexporter.com\/es\/wp-json\/wp\/v2\/brand?post=13974"},{"taxonomy":"product_cat","embeddable":true,"href":"https:\/\/turkmenexporter.com\/es\/wp-json\/wp\/v2\/product_cat?post=13974"},{"taxonomy":"product_tag","embeddable":true,"href":"https:\/\/turkmenexporter.com\/es\/wp-json\/wp\/v2\/product_tag?post=13974"}],"curies":[{"name":"wp","href":"https:\/\/api.w.org\/{rel}","templated":true}]}}