{"id":13976,"date":"2025-03-08T17:03:05","date_gmt":"2025-03-08T12:03:05","guid":{"rendered":"https:\/\/turkmenexporter.com\/product\/chocoball-cereales-de-chocolate-para-el-desayuno\/"},"modified":"2025-03-11T06:47:21","modified_gmt":"2025-03-11T01:47:21","slug":"chocoball-cereales-de-chocolate-para-el-desayuno","status":"publish","type":"product","link":"https:\/\/turkmenexporter.com\/es\/producto\/chocoball-cereales-de-chocolate-para-el-desayuno\/","title":{"rendered":"CHOCOBALL Cereales de chocolate para el desayuno"},"content":{"rendered":"<div class=\"flex max-w-full flex-col flex-grow\">\n<div class=\"min-h-8 text-message relative flex w-full flex-col items-end gap-2 whitespace-normal break-words text-start [.text-message+&amp;]:mt-5\" dir=\"auto\" data-message-author-role=\"assistant\" data-message-id=\"4ff00326-9afd-446c-83c0-a5f9d1229831\" data-message-model-slug=\"gpt-4o\">\n<div class=\"flex w-full flex-col gap-1 empty:hidden first:pt-[3px]\">\n<div class=\"markdown prose w-full break-words dark:prose-invert dark\">\n<p data-start=\"1376\" data-end=\"1562\" data-is-last-node=\"\" data-is-only-node=\"\">Balsheker CHOCOBALL Cereal de chocolate para el desayuno &#8211; Un crujiente cereal recubierto de chocolate que proporciona un rico sabor a cacao. Perfecto con leche para el desayuno o como delicioso tentempi\u00e9 en cualquier momento. Haga que cada ma\u00f1ana sea deliciosa y energizante con el cereal de desayuno de chocolate Balsheker CHOCOBALL. Este crujiente cereal con infusi\u00f3n de chocolate ofrece el equilibrio perfecto entre crujiente y rico sabor a cacao, por lo que es una opci\u00f3n ideal para los amantes del desayuno de todas las edades.   <\/p>\n<p>Composici\u00f3n del producto: harina de trigo de primera calidad, harina de ma\u00edz, aceite de palma, az\u00facar en polvo, s\u00e9mola, leche en polvo, sirope, cacao en polvo, glaseado de chocolate, colorantes naturales E124, E102, E133.<\/p>\n<p>Condiciones de almacenamiento: Almacenar en un lugar seco y fresco a una temperatura de 18\u00b0C y una humedad relativa no superior al 75%.<\/p>\n<p>Caducidad: 6 meses. Producto certificado.<br \/>\nNo contiene OMG.<\/p>\n<\/div>\n<\/div>\n<\/div>\n<\/div>\n","protected":false},"excerpt":{"rendered":"<p>Paquete de cereales para el desayuno de 1 kg.<br \/>\n4 paquetes en una caja.<br \/>\nPeso bruto de la caja 4,1 kg.<\/p>\n","protected":false},"featured_media":13917,"comment_status":"open","ping_status":"closed","template":"","meta":{"_acf_changed":false},"brand":[899],"product_cat":[925],"product_tag":[],"class_list":{"0":"post-13976","1":"product","2":"type-product","3":"status-publish","4":"has-post-thumbnail","6":"brand-balsheker-es","7":"product_cat-cereales","9":"first","10":"instock","11":"shipping-taxable","12":"purchasable","13":"product-type-simple"},"acf":[],"_links":{"self":[{"href":"https:\/\/turkmenexporter.com\/es\/wp-json\/wp\/v2\/product\/13976","targetHints":{"allow":["GET"]}}],"collection":[{"href":"https:\/\/turkmenexporter.com\/es\/wp-json\/wp\/v2\/product"}],"about":[{"href":"https:\/\/turkmenexporter.com\/es\/wp-json\/wp\/v2\/types\/product"}],"replies":[{"embeddable":true,"href":"https:\/\/turkmenexporter.com\/es\/wp-json\/wp\/v2\/comments?post=13976"}],"version-history":[{"count":1,"href":"https:\/\/turkmenexporter.com\/es\/wp-json\/wp\/v2\/product\/13976\/revisions"}],"predecessor-version":[{"id":14008,"href":"https:\/\/turkmenexporter.com\/es\/wp-json\/wp\/v2\/product\/13976\/revisions\/14008"}],"wp:featuredmedia":[{"embeddable":true,"href":"https:\/\/turkmenexporter.com\/es\/wp-json\/wp\/v2\/media\/13917"}],"wp:attachment":[{"href":"https:\/\/turkmenexporter.com\/es\/wp-json\/wp\/v2\/media?parent=13976"}],"wp:term":[{"taxonomy":"brand","embeddable":true,"href":"https:\/\/turkmenexporter.com\/es\/wp-json\/wp\/v2\/brand?post=13976"},{"taxonomy":"product_cat","embeddable":true,"href":"https:\/\/turkmenexporter.com\/es\/wp-json\/wp\/v2\/product_cat?post=13976"},{"taxonomy":"product_tag","embeddable":true,"href":"https:\/\/turkmenexporter.com\/es\/wp-json\/wp\/v2\/product_tag?post=13976"}],"curies":[{"name":"wp","href":"https:\/\/api.w.org\/{rel}","templated":true}]}}