{"id":13978,"date":"2025-03-08T16:50:04","date_gmt":"2025-03-08T11:50:04","guid":{"rendered":"https:\/\/turkmenexporter.com\/product\/chocoball-copos-de-maiz-con-chocolate\/"},"modified":"2025-03-23T00:10:42","modified_gmt":"2025-03-22T19:10:42","slug":"chocoball-copos-de-maiz-con-chocolate","status":"publish","type":"product","link":"https:\/\/turkmenexporter.com\/es\/producto\/chocoball-copos-de-maiz-con-chocolate\/","title":{"rendered":"CHOCOBALL Copos de ma\u00edz con chocolate"},"content":{"rendered":"<p data-start=\"184\" data-end=\"511\">Balsheker CHOCOBALL Desayuno con glaseado de chocolate &#8211; Crujientes bolas de cereales recubiertas de un rico glaseado de chocolate, perfectas para el desayuno o la merienda. Disfr\u00fatalas con leche o como un delicioso capricho para llevar. <\/p>\n<p>Composici\u00f3n del producto: harina de trigo de primera calidad, harina de ma\u00edz, aceite de palma, az\u00facar en polvo, s\u00e9mola, leche en polvo, sirope, cacao en polvo, glaseado de chocolate, colorantes naturales E124, E102, E133.<\/p>\n<p>Condiciones de almacenamiento: Almacenar en un lugar seco y fresco a una temperatura de 18\u00b0C y una humedad relativa no superior al 75%.<\/p>\n<p>Caducidad: 6 meses. Producto certificado.<br \/>\nNo contiene OMG.<\/p>\n","protected":false},"excerpt":{"rendered":"<p>Copos de ma\u00edz con chocolate 35g.<\/p>\n<p>20 paquetes en un bulto. 8 paquetes en una caja. <\/p>\n<p>Peso bruto de la caja 6,83 kg.<\/p>\n","protected":false},"featured_media":13902,"comment_status":"open","ping_status":"closed","template":"","meta":{"_acf_changed":false},"brand":[899],"product_cat":[925],"product_tag":[],"class_list":{"0":"post-13978","1":"product","2":"type-product","3":"status-publish","4":"has-post-thumbnail","6":"brand-balsheker-es","7":"product_cat-cereales","9":"first","10":"instock","11":"shipping-taxable","12":"purchasable","13":"product-type-simple"},"acf":[],"_links":{"self":[{"href":"https:\/\/turkmenexporter.com\/es\/wp-json\/wp\/v2\/product\/13978","targetHints":{"allow":["GET"]}}],"collection":[{"href":"https:\/\/turkmenexporter.com\/es\/wp-json\/wp\/v2\/product"}],"about":[{"href":"https:\/\/turkmenexporter.com\/es\/wp-json\/wp\/v2\/types\/product"}],"replies":[{"embeddable":true,"href":"https:\/\/turkmenexporter.com\/es\/wp-json\/wp\/v2\/comments?post=13978"}],"version-history":[{"count":1,"href":"https:\/\/turkmenexporter.com\/es\/wp-json\/wp\/v2\/product\/13978\/revisions"}],"predecessor-version":[{"id":14292,"href":"https:\/\/turkmenexporter.com\/es\/wp-json\/wp\/v2\/product\/13978\/revisions\/14292"}],"wp:featuredmedia":[{"embeddable":true,"href":"https:\/\/turkmenexporter.com\/es\/wp-json\/wp\/v2\/media\/13902"}],"wp:attachment":[{"href":"https:\/\/turkmenexporter.com\/es\/wp-json\/wp\/v2\/media?parent=13978"}],"wp:term":[{"taxonomy":"brand","embeddable":true,"href":"https:\/\/turkmenexporter.com\/es\/wp-json\/wp\/v2\/brand?post=13978"},{"taxonomy":"product_cat","embeddable":true,"href":"https:\/\/turkmenexporter.com\/es\/wp-json\/wp\/v2\/product_cat?post=13978"},{"taxonomy":"product_tag","embeddable":true,"href":"https:\/\/turkmenexporter.com\/es\/wp-json\/wp\/v2\/product_tag?post=13978"}],"curies":[{"name":"wp","href":"https:\/\/api.w.org\/{rel}","templated":true}]}}