{"id":14082,"date":"2025-03-13T23:01:34","date_gmt":"2025-03-13T18:01:34","guid":{"rendered":"https:\/\/turkmenexporter.com\/product\/chocorella-pasta-de-chocolate-y-nueces-2\/"},"modified":"2025-03-13T23:01:34","modified_gmt":"2025-03-13T18:01:34","slug":"chocorella-pasta-de-chocolate-y-nueces-2","status":"publish","type":"product","link":"https:\/\/turkmenexporter.com\/es\/producto\/chocorella-pasta-de-chocolate-y-nueces-2\/","title":{"rendered":"CHOCORELLA pasta de chocolate y nueces"},"content":{"rendered":"<div class=\"flex max-w-full flex-col flex-grow\">\n<div class=\"min-h-8 text-message relative flex w-full flex-col items-end gap-2 whitespace-normal break-words text-start [.text-message+&amp;]:mt-5\" dir=\"auto\" data-message-author-role=\"assistant\" data-message-id=\"9f42a335-56c6-4b32-ac5d-8ec498263b4b\" data-message-model-slug=\"gpt-4o\">\n<div class=\"flex w-full flex-col gap-1 empty:hidden first:pt-[3px]\">\n<div class=\"markdown prose w-full break-words dark:prose-invert dark\">\n<p data-start=\"1441\" data-end=\"1612\" data-is-last-node=\"\" data-is-only-node=\"\">Pasta de chocolate y frutos secos Balsheker Chocorella &#8211; Una suave y cremosa pasta de chocolate y frutos secos elaborada con cacao y frutos secos de primera calidad. Perfecta para desayunos, meriendas y postres. <\/p>\n<\/div>\n<\/div>\n<\/div>\n<\/div>\n<div class=\"mb-2 flex gap-3 -ml-2\">\n<div class=\"flex items-center justify-start rounded-xl p-1\">\n<div class=\"flex items-center\">\n<p>Composici\u00f3n del producto: aceite de palma, az\u00facar en polvo, leche en polvo, cacao en polvo, suero de leche en polvo, aroma id\u00e9ntico al natural \u00abVainillina\u00bb, aroma id\u00e9ntico al natural \u00abAvellana\u00bb.<\/p>\n<p>Condiciones de almacenamiento: Almacenar en un lugar seco y fresco a una temperatura de 18\u00b0C y una humedad relativa no superior al 75%.<\/p>\n<p>Caducidad: 6 meses. Producto certificado.<br \/>\nNo contiene OMG.<\/p>\n<\/div>\n<\/div>\n<\/div>\n","protected":false},"excerpt":{"rendered":"<p>Envase de pasta de chocolate y avellanas 500 g.<br \/>\n12 envases por bloque.<br \/>\nPeso bruto por bloque 6,6 kg.<\/p>\n","protected":false},"featured_media":14021,"comment_status":"open","ping_status":"closed","template":"","meta":{"_acf_changed":false},"brand":[899],"product_cat":[318],"product_tag":[],"class_list":{"0":"post-14082","1":"product","2":"type-product","3":"status-publish","4":"has-post-thumbnail","6":"brand-balsheker-es","7":"product_cat-chocolate","9":"first","10":"instock","11":"shipping-taxable","12":"purchasable","13":"product-type-simple"},"acf":[],"_links":{"self":[{"href":"https:\/\/turkmenexporter.com\/es\/wp-json\/wp\/v2\/product\/14082","targetHints":{"allow":["GET"]}}],"collection":[{"href":"https:\/\/turkmenexporter.com\/es\/wp-json\/wp\/v2\/product"}],"about":[{"href":"https:\/\/turkmenexporter.com\/es\/wp-json\/wp\/v2\/types\/product"}],"replies":[{"embeddable":true,"href":"https:\/\/turkmenexporter.com\/es\/wp-json\/wp\/v2\/comments?post=14082"}],"version-history":[{"count":0,"href":"https:\/\/turkmenexporter.com\/es\/wp-json\/wp\/v2\/product\/14082\/revisions"}],"wp:featuredmedia":[{"embeddable":true,"href":"https:\/\/turkmenexporter.com\/es\/wp-json\/wp\/v2\/media\/14021"}],"wp:attachment":[{"href":"https:\/\/turkmenexporter.com\/es\/wp-json\/wp\/v2\/media?parent=14082"}],"wp:term":[{"taxonomy":"brand","embeddable":true,"href":"https:\/\/turkmenexporter.com\/es\/wp-json\/wp\/v2\/brand?post=14082"},{"taxonomy":"product_cat","embeddable":true,"href":"https:\/\/turkmenexporter.com\/es\/wp-json\/wp\/v2\/product_cat?post=14082"},{"taxonomy":"product_tag","embeddable":true,"href":"https:\/\/turkmenexporter.com\/es\/wp-json\/wp\/v2\/product_tag?post=14082"}],"curies":[{"name":"wp","href":"https:\/\/api.w.org\/{rel}","templated":true}]}}