{"id":14083,"date":"2025-03-13T23:41:07","date_gmt":"2025-03-13T18:41:07","guid":{"rendered":"https:\/\/turkmenexporter.com\/product\/galletas-dieteticas-fitness\/"},"modified":"2025-03-23T00:10:47","modified_gmt":"2025-03-22T19:10:47","slug":"galletas-dieteticas-fitness","status":"publish","type":"product","link":"https:\/\/turkmenexporter.com\/es\/producto\/galletas-dieteticas-fitness\/","title":{"rendered":"Galletas diet\u00e9ticas FITNESS"},"content":{"rendered":"<p>Mantente en forma y con energ\u00eda con las galletas diet\u00e9ticas Balsheker FITNESS, un tentempi\u00e9 ligero, crujiente y nutritivo dise\u00f1ado para quienes dan prioridad a la salud y el bienestar.<\/p>\n<p>Composici\u00f3n del producto: harina de trigo de primera calidad, harina de ma\u00edz, harina de arroz, leche en polvo, sal de mesa, eneldo natural deshidratado.<\/p>\n<p>Condiciones de almacenamiento: Almacenar en un lugar seco y fresco a una temperatura de 18\u00b0C y una humedad relativa no superior al 70%.<\/p>\n<p>Caducidad: 9 meses. Producto certificado.<br \/>\nNo contiene OMG. <\/p>\n","protected":false},"excerpt":{"rendered":"<p>Galletas en caja 125 g.<\/p>\n<div class=\"flex max-w-full flex-col flex-grow\">\n<div class=\"min-h-8 text-message relative flex w-full flex-col items-end gap-2 whitespace-normal break-words text-start [.text-message+&amp;]:mt-5\" dir=\"auto\" data-message-author-role=\"assistant\" data-message-id=\"c03cb6dc-c49a-4739-b04d-e265c768022b\" data-message-model-slug=\"gpt-4o\">\n<div class=\"flex w-full flex-col gap-1 empty:hidden first:pt-[3px]\">\n<div class=\"markdown prose w-full break-words dark:prose-invert dark\">\n<p data-start=\"1523\" data-end=\"1678\" data-is-last-node=\"\" data-is-only-node=\"\">Galletas diet\u00e9ticas Balsheker FITNESS &#8211; Ligeras, crujientes y elaboradas con cereales integrales. Un tentempi\u00e9 bajo en calor\u00edas perfecto para una dieta equilibrada y un estilo de vida saludable. <\/p>\n<\/div>\n<\/div>\n<\/div>\n<\/div>\n","protected":false},"featured_media":14036,"comment_status":"open","ping_status":"closed","template":"","meta":{"_acf_changed":false},"brand":[899],"product_cat":[905],"product_tag":[],"class_list":{"0":"post-14083","1":"product","2":"type-product","3":"status-publish","4":"has-post-thumbnail","6":"brand-balsheker-es","7":"product_cat-galletas","9":"first","10":"instock","11":"shipping-taxable","12":"purchasable","13":"product-type-simple"},"acf":[],"_links":{"self":[{"href":"https:\/\/turkmenexporter.com\/es\/wp-json\/wp\/v2\/product\/14083","targetHints":{"allow":["GET"]}}],"collection":[{"href":"https:\/\/turkmenexporter.com\/es\/wp-json\/wp\/v2\/product"}],"about":[{"href":"https:\/\/turkmenexporter.com\/es\/wp-json\/wp\/v2\/types\/product"}],"replies":[{"embeddable":true,"href":"https:\/\/turkmenexporter.com\/es\/wp-json\/wp\/v2\/comments?post=14083"}],"version-history":[{"count":1,"href":"https:\/\/turkmenexporter.com\/es\/wp-json\/wp\/v2\/product\/14083\/revisions"}],"predecessor-version":[{"id":14296,"href":"https:\/\/turkmenexporter.com\/es\/wp-json\/wp\/v2\/product\/14083\/revisions\/14296"}],"wp:featuredmedia":[{"embeddable":true,"href":"https:\/\/turkmenexporter.com\/es\/wp-json\/wp\/v2\/media\/14036"}],"wp:attachment":[{"href":"https:\/\/turkmenexporter.com\/es\/wp-json\/wp\/v2\/media?parent=14083"}],"wp:term":[{"taxonomy":"brand","embeddable":true,"href":"https:\/\/turkmenexporter.com\/es\/wp-json\/wp\/v2\/brand?post=14083"},{"taxonomy":"product_cat","embeddable":true,"href":"https:\/\/turkmenexporter.com\/es\/wp-json\/wp\/v2\/product_cat?post=14083"},{"taxonomy":"product_tag","embeddable":true,"href":"https:\/\/turkmenexporter.com\/es\/wp-json\/wp\/v2\/product_tag?post=14083"}],"curies":[{"name":"wp","href":"https:\/\/api.w.org\/{rel}","templated":true}]}}