{"id":14084,"date":"2025-03-14T00:20:28","date_gmt":"2025-03-13T19:20:28","guid":{"rendered":"https:\/\/turkmenexporter.com\/product\/gelatina-de-frutas-kirpi\/"},"modified":"2025-03-23T00:10:48","modified_gmt":"2025-03-22T19:10:48","slug":"gelatina-de-frutas-kirpi","status":"publish","type":"product","link":"https:\/\/turkmenexporter.com\/es\/producto\/gelatina-de-frutas-kirpi\/","title":{"rendered":"Gelatina de frutas KIRPI"},"content":{"rendered":"<p>\u00a1Experimente la jugosa y masticable delicia de Balsheker Kirpi Jellybon Fruit Jelly &#8211; Fruitmix! Estos caramelos de gelatina suaves y sabrosos est\u00e1n hechos con extractos de frutas reales, ofreciendo una refrescante mezcla de sabores afrutados en cada bocado. <\/p>\n<p>Composici\u00f3n del producto: Az\u00facar granulado, melaza, gelatina, regulador de la acidez E330, jarabe de sorbitol E420, aromas id\u00e9nticos a los naturales \u00abSand\u00eda\u00bb, \u00abLim\u00f3n\u00bb, \u00abManzana\u00bb, colorantes alimentarios sint\u00e9ticos E124, E102, E102 + E133.<\/p>\n<p>Condiciones de almacenamiento: En un lugar seco y fresco, a una temperatura elevada de 18 \u00b0C y la humedad debe mantenerse a no m\u00e1s del 75%.<\/p>\n<p>Caducidad: 24 meses. Producto certificado.<br \/>\nNo contiene OMG.<\/p>\n","protected":false},"excerpt":{"rendered":"<p>Paquete de gelatina de fruta de 20 g.<\/p>\n<p>48 paquetes en un fardo. 6 paquetes en una caja. <\/p>\n<p>Peso bruto de la caja 9,7 kg.<\/p>\n","protected":false},"featured_media":14045,"comment_status":"open","ping_status":"closed","template":"","meta":{"_acf_changed":false},"brand":[899],"product_cat":[967],"product_tag":[],"class_list":{"0":"post-14084","1":"product","2":"type-product","3":"status-publish","4":"has-post-thumbnail","6":"brand-balsheker-es","7":"product_cat-mermeladas","9":"first","10":"instock","11":"shipping-taxable","12":"purchasable","13":"product-type-simple"},"acf":[],"_links":{"self":[{"href":"https:\/\/turkmenexporter.com\/es\/wp-json\/wp\/v2\/product\/14084","targetHints":{"allow":["GET"]}}],"collection":[{"href":"https:\/\/turkmenexporter.com\/es\/wp-json\/wp\/v2\/product"}],"about":[{"href":"https:\/\/turkmenexporter.com\/es\/wp-json\/wp\/v2\/types\/product"}],"replies":[{"embeddable":true,"href":"https:\/\/turkmenexporter.com\/es\/wp-json\/wp\/v2\/comments?post=14084"}],"version-history":[{"count":1,"href":"https:\/\/turkmenexporter.com\/es\/wp-json\/wp\/v2\/product\/14084\/revisions"}],"predecessor-version":[{"id":14298,"href":"https:\/\/turkmenexporter.com\/es\/wp-json\/wp\/v2\/product\/14084\/revisions\/14298"}],"wp:featuredmedia":[{"embeddable":true,"href":"https:\/\/turkmenexporter.com\/es\/wp-json\/wp\/v2\/media\/14045"}],"wp:attachment":[{"href":"https:\/\/turkmenexporter.com\/es\/wp-json\/wp\/v2\/media?parent=14084"}],"wp:term":[{"taxonomy":"brand","embeddable":true,"href":"https:\/\/turkmenexporter.com\/es\/wp-json\/wp\/v2\/brand?post=14084"},{"taxonomy":"product_cat","embeddable":true,"href":"https:\/\/turkmenexporter.com\/es\/wp-json\/wp\/v2\/product_cat?post=14084"},{"taxonomy":"product_tag","embeddable":true,"href":"https:\/\/turkmenexporter.com\/es\/wp-json\/wp\/v2\/product_tag?post=14084"}],"curies":[{"name":"wp","href":"https:\/\/api.w.org\/{rel}","templated":true}]}}