{"id":14085,"date":"2025-03-14T01:25:43","date_gmt":"2025-03-13T20:25:43","guid":{"rendered":"https:\/\/turkmenexporter.com\/product\/gelatina-jellybon\/"},"modified":"2025-03-23T00:10:54","modified_gmt":"2025-03-22T19:10:54","slug":"gelatina-jellybon","status":"publish","type":"product","link":"https:\/\/turkmenexporter.com\/es\/producto\/gelatina-jellybon\/","title":{"rendered":"Gelatina JELLYBON"},"content":{"rendered":"<p>Composici\u00f3n del producto: Az\u00facar granulado, melaza, gelatina, regulador de la acidez E330, jarabe de sorbitol E420, aromas id\u00e9nticos a los naturales \u00abSand\u00eda\u00bb, \u00abLim\u00f3n\u00bb, \u00abManzana\u00bb, colorantes alimentarios sint\u00e9ticos E124, E102, E102 + E133.<\/p>\n<p>Condiciones de almacenamiento: En un lugar seco y fresco, a una temperatura elevada de 18 \u00b0C y la humedad debe mantenerse a no m\u00e1s del 75%.<\/p>\n<p>Caducidad: 24 meses. Producto certificado.<br \/>\nNo contiene OMG.<\/p>\n","protected":false},"excerpt":{"rendered":"<p>Envase de gelatina de frutas 300 g.<br \/>\n12 envases por bloque.<br \/>\nPeso bruto por bloque 4,2 kg.<\/p>\n","protected":false},"featured_media":14060,"comment_status":"open","ping_status":"closed","template":"","meta":{"_acf_changed":false},"brand":[899],"product_cat":[967],"product_tag":[851],"class_list":{"0":"post-14085","1":"product","2":"type-product","3":"status-publish","4":"has-post-thumbnail","6":"brand-balsheker-es","7":"product_cat-mermeladas","8":"product_tag-front-product-es","10":"first","11":"instock","12":"shipping-taxable","13":"purchasable","14":"product-type-simple"},"acf":[],"_links":{"self":[{"href":"https:\/\/turkmenexporter.com\/es\/wp-json\/wp\/v2\/product\/14085","targetHints":{"allow":["GET"]}}],"collection":[{"href":"https:\/\/turkmenexporter.com\/es\/wp-json\/wp\/v2\/product"}],"about":[{"href":"https:\/\/turkmenexporter.com\/es\/wp-json\/wp\/v2\/types\/product"}],"replies":[{"embeddable":true,"href":"https:\/\/turkmenexporter.com\/es\/wp-json\/wp\/v2\/comments?post=14085"}],"version-history":[{"count":1,"href":"https:\/\/turkmenexporter.com\/es\/wp-json\/wp\/v2\/product\/14085\/revisions"}],"predecessor-version":[{"id":14306,"href":"https:\/\/turkmenexporter.com\/es\/wp-json\/wp\/v2\/product\/14085\/revisions\/14306"}],"wp:featuredmedia":[{"embeddable":true,"href":"https:\/\/turkmenexporter.com\/es\/wp-json\/wp\/v2\/media\/14060"}],"wp:attachment":[{"href":"https:\/\/turkmenexporter.com\/es\/wp-json\/wp\/v2\/media?parent=14085"}],"wp:term":[{"taxonomy":"brand","embeddable":true,"href":"https:\/\/turkmenexporter.com\/es\/wp-json\/wp\/v2\/brand?post=14085"},{"taxonomy":"product_cat","embeddable":true,"href":"https:\/\/turkmenexporter.com\/es\/wp-json\/wp\/v2\/product_cat?post=14085"},{"taxonomy":"product_tag","embeddable":true,"href":"https:\/\/turkmenexporter.com\/es\/wp-json\/wp\/v2\/product_tag?post=14085"}],"curies":[{"name":"wp","href":"https:\/\/api.w.org\/{rel}","templated":true}]}}