{"id":14123,"date":"2025-03-19T23:17:41","date_gmt":"2025-03-19T18:17:41","guid":{"rendered":"https:\/\/turkmenexporter.com\/product\/almidon-de-maiz\/"},"modified":"2025-03-23T00:10:54","modified_gmt":"2025-03-22T19:10:54","slug":"almidon-de-maiz","status":"publish","type":"product","link":"https:\/\/turkmenexporter.com\/es\/producto\/almidon-de-maiz\/","title":{"rendered":"Almid\u00f3n de ma\u00edz"},"content":{"rendered":"<p>Composici\u00f3n del producto: Almid\u00f3n de ma\u00edz de primera calidad.<\/p>\n<p>Condiciones de almacenamiento: En un lugar seco y fresco, a una temperatura elevada de 18 \u00b0C y la humedad no debe ser superior al 70%.<\/p>\n<p>Caducidad: 24 meses. Producto certificado.<br \/>\nNo contiene OMG.<\/p>\n","protected":false},"excerpt":{"rendered":"<p>Almid\u00f3n de ma\u00edz 150 g.<br \/>\n24 paquetes en una caja.<br \/>\nPeso bruto de la caja 4,24 kg.<\/p>\n","protected":false},"featured_media":14112,"comment_status":"open","ping_status":"closed","template":"","meta":{"_acf_changed":false},"brand":[899],"product_cat":[984],"product_tag":[],"class_list":{"0":"post-14123","1":"product","2":"type-product","3":"status-publish","4":"has-post-thumbnail","6":"brand-balsheker-es","7":"product_cat-aditivos-alimentarios","9":"first","10":"instock","11":"shipping-taxable","12":"purchasable","13":"product-type-simple"},"acf":[],"_links":{"self":[{"href":"https:\/\/turkmenexporter.com\/es\/wp-json\/wp\/v2\/product\/14123","targetHints":{"allow":["GET"]}}],"collection":[{"href":"https:\/\/turkmenexporter.com\/es\/wp-json\/wp\/v2\/product"}],"about":[{"href":"https:\/\/turkmenexporter.com\/es\/wp-json\/wp\/v2\/types\/product"}],"replies":[{"embeddable":true,"href":"https:\/\/turkmenexporter.com\/es\/wp-json\/wp\/v2\/comments?post=14123"}],"version-history":[{"count":1,"href":"https:\/\/turkmenexporter.com\/es\/wp-json\/wp\/v2\/product\/14123\/revisions"}],"predecessor-version":[{"id":14305,"href":"https:\/\/turkmenexporter.com\/es\/wp-json\/wp\/v2\/product\/14123\/revisions\/14305"}],"wp:featuredmedia":[{"embeddable":true,"href":"https:\/\/turkmenexporter.com\/es\/wp-json\/wp\/v2\/media\/14112"}],"wp:attachment":[{"href":"https:\/\/turkmenexporter.com\/es\/wp-json\/wp\/v2\/media?parent=14123"}],"wp:term":[{"taxonomy":"brand","embeddable":true,"href":"https:\/\/turkmenexporter.com\/es\/wp-json\/wp\/v2\/brand?post=14123"},{"taxonomy":"product_cat","embeddable":true,"href":"https:\/\/turkmenexporter.com\/es\/wp-json\/wp\/v2\/product_cat?post=14123"},{"taxonomy":"product_tag","embeddable":true,"href":"https:\/\/turkmenexporter.com\/es\/wp-json\/wp\/v2\/product_tag?post=14123"}],"curies":[{"name":"wp","href":"https:\/\/api.w.org\/{rel}","templated":true}]}}