{"id":14209,"date":"2025-03-21T16:55:28","date_gmt":"2025-03-21T11:55:28","guid":{"rendered":"https:\/\/turkmenexporter.com\/product\/altin-vainillina-en-polvo-en-cubo\/"},"modified":"2025-03-22T23:16:37","modified_gmt":"2025-03-22T18:16:37","slug":"altin-vainillina-en-polvo-en-cubo","status":"publish","type":"product","link":"https:\/\/turkmenexporter.com\/es\/producto\/altin-vainillina-en-polvo-en-cubo\/","title":{"rendered":"ALTIN vainillina en polvo en cubo"},"content":{"rendered":"<div class=\"flex max-w-full flex-col flex-grow\">\n<div class=\"min-h-8 text-message relative flex w-full flex-col items-end gap-2 whitespace-normal break-words text-start [.text-message+&amp;]:mt-5\" dir=\"auto\" data-message-author-role=\"assistant\" data-message-id=\"f76d8eb9-9d8a-42bf-a3a1-3356b9b3958e\" data-message-model-slug=\"gpt-4o\">\n<div class=\"flex w-full flex-col gap-1 empty:hidden first:pt-[3px]\">\n<div class=\"markdown prose w-full break-words dark:prose-invert dark\">\n<p data-start=\"1470\" data-end=\"1640\" data-is-last-node=\"\" data-is-only-node=\"\">Balsheker Altin Vanillin &#8211; Un aromatizante de vainilla de primera calidad para productos de panader\u00eda y confiter\u00eda. Muy arom\u00e1tico, concentrado y perfecto tanto para uso dom\u00e9stico como industrial. <\/p>\n<\/div>\n<\/div>\n<\/div>\n<\/div>\n<div class=\"mb-2 flex gap-3 -ml-2\">\n<div class=\"flex items-center justify-start rounded-xl p-1\">\n<div>\n<div class=\"flex items-center\">\n<p>Composici\u00f3n del producto: Az\u00facaren polvo, almid\u00f3n, vainilla (3%).<\/p>\n<p>Condiciones de almacenamiento: En un lugar seco y fresco, a una temperatura elevada de 5-25 \u00b0C y la humedad debe mantenerse a no m\u00e1s del 75%.<\/p>\n<p>Caducidad: 23 meses. Producto certificado.<br \/>\nNo contiene OMG.<\/p>\n<\/div>\n<\/div>\n<\/div>\n<\/div>\n","protected":false},"excerpt":{"rendered":"<p>Cubo de vainillina en polvo 800 g.<\/p>\n<p>6 cubos en una caja.<\/p>\n<p>Pesobruto de la caja 5,325 kg.<\/p>\n","protected":false},"featured_media":14184,"comment_status":"open","ping_status":"closed","template":"","meta":{"_acf_changed":false},"brand":[899],"product_cat":[984],"product_tag":[],"class_list":{"0":"post-14209","1":"product","2":"type-product","3":"status-publish","4":"has-post-thumbnail","6":"brand-balsheker-es","7":"product_cat-aditivos-alimentarios","9":"first","10":"instock","11":"shipping-taxable","12":"purchasable","13":"product-type-simple"},"acf":[],"_links":{"self":[{"href":"https:\/\/turkmenexporter.com\/es\/wp-json\/wp\/v2\/product\/14209","targetHints":{"allow":["GET"]}}],"collection":[{"href":"https:\/\/turkmenexporter.com\/es\/wp-json\/wp\/v2\/product"}],"about":[{"href":"https:\/\/turkmenexporter.com\/es\/wp-json\/wp\/v2\/types\/product"}],"replies":[{"embeddable":true,"href":"https:\/\/turkmenexporter.com\/es\/wp-json\/wp\/v2\/comments?post=14209"}],"version-history":[{"count":1,"href":"https:\/\/turkmenexporter.com\/es\/wp-json\/wp\/v2\/product\/14209\/revisions"}],"predecessor-version":[{"id":14240,"href":"https:\/\/turkmenexporter.com\/es\/wp-json\/wp\/v2\/product\/14209\/revisions\/14240"}],"wp:featuredmedia":[{"embeddable":true,"href":"https:\/\/turkmenexporter.com\/es\/wp-json\/wp\/v2\/media\/14184"}],"wp:attachment":[{"href":"https:\/\/turkmenexporter.com\/es\/wp-json\/wp\/v2\/media?parent=14209"}],"wp:term":[{"taxonomy":"brand","embeddable":true,"href":"https:\/\/turkmenexporter.com\/es\/wp-json\/wp\/v2\/brand?post=14209"},{"taxonomy":"product_cat","embeddable":true,"href":"https:\/\/turkmenexporter.com\/es\/wp-json\/wp\/v2\/product_cat?post=14209"},{"taxonomy":"product_tag","embeddable":true,"href":"https:\/\/turkmenexporter.com\/es\/wp-json\/wp\/v2\/product_tag?post=14209"}],"curies":[{"name":"wp","href":"https:\/\/api.w.org\/{rel}","templated":true}]}}