{"id":14210,"date":"2025-03-21T16:48:39","date_gmt":"2025-03-21T11:48:39","guid":{"rendered":"https:\/\/turkmenexporter.com\/product\/altin-vainillina-en-polvo\/"},"modified":"2025-03-21T16:48:39","modified_gmt":"2025-03-21T11:48:39","slug":"altin-vainillina-en-polvo","status":"publish","type":"product","link":"https:\/\/turkmenexporter.com\/es\/producto\/altin-vainillina-en-polvo\/","title":{"rendered":"ALTIN vainillina en polvo"},"content":{"rendered":"<p>La vainillina Balsheker Altin es un aromatizante de vainilla de primera calidad que realza el sabor y el aroma de sus productos de panader\u00eda, reposter\u00eda y confiter\u00eda. Este ingrediente vers\u00e1til y altamente concentrado proporciona una rica y dulce esencia de vainilla, lo que lo convierte en un producto imprescindible tanto para panaderos caseros como para chefs profesionales. Tanto si prepara tartas, pasteles, galletas o chocolates, Altin Vanillin garantiza una deliciosa y duradera fragancia de vainilla en cada bocado.  <\/p>\n<p>Composici\u00f3n del producto: Az\u00facaren polvo, almid\u00f3n, vainilla (3%).<\/p>\n<p>Condiciones de almacenamiento: En un lugar seco y fresco, a una temperatura elevada de 5-25 \u00b0C y la humedad debe mantenerse a no m\u00e1s del 75%.<\/p>\n<p>Caducidad: 23 meses. Producto certificado.<br \/>\nNo contiene OMG.<\/p>\n","protected":false},"excerpt":{"rendered":"<p>Vainillina en polvo envase 5 g.<\/p>\n<p>48 paquetes en un envase. 10 paquetes en una caja.<\/p>\n<p>Peso bruto de la caja 3,45 kg.<\/p>\n","protected":false},"featured_media":14175,"comment_status":"open","ping_status":"closed","template":"","meta":{"_acf_changed":false},"brand":[899],"product_cat":[984],"product_tag":[],"class_list":{"0":"post-14210","1":"product","2":"type-product","3":"status-publish","4":"has-post-thumbnail","6":"brand-balsheker-es","7":"product_cat-aditivos-alimentarios","9":"first","10":"instock","11":"shipping-taxable","12":"purchasable","13":"product-type-simple"},"acf":[],"_links":{"self":[{"href":"https:\/\/turkmenexporter.com\/es\/wp-json\/wp\/v2\/product\/14210","targetHints":{"allow":["GET"]}}],"collection":[{"href":"https:\/\/turkmenexporter.com\/es\/wp-json\/wp\/v2\/product"}],"about":[{"href":"https:\/\/turkmenexporter.com\/es\/wp-json\/wp\/v2\/types\/product"}],"replies":[{"embeddable":true,"href":"https:\/\/turkmenexporter.com\/es\/wp-json\/wp\/v2\/comments?post=14210"}],"version-history":[{"count":0,"href":"https:\/\/turkmenexporter.com\/es\/wp-json\/wp\/v2\/product\/14210\/revisions"}],"wp:featuredmedia":[{"embeddable":true,"href":"https:\/\/turkmenexporter.com\/es\/wp-json\/wp\/v2\/media\/14175"}],"wp:attachment":[{"href":"https:\/\/turkmenexporter.com\/es\/wp-json\/wp\/v2\/media?parent=14210"}],"wp:term":[{"taxonomy":"brand","embeddable":true,"href":"https:\/\/turkmenexporter.com\/es\/wp-json\/wp\/v2\/brand?post=14210"},{"taxonomy":"product_cat","embeddable":true,"href":"https:\/\/turkmenexporter.com\/es\/wp-json\/wp\/v2\/product_cat?post=14210"},{"taxonomy":"product_tag","embeddable":true,"href":"https:\/\/turkmenexporter.com\/es\/wp-json\/wp\/v2\/product_tag?post=14210"}],"curies":[{"name":"wp","href":"https:\/\/api.w.org\/{rel}","templated":true}]}}