{"id":14211,"date":"2025-03-21T16:38:15","date_gmt":"2025-03-21T11:38:15","guid":{"rendered":"https:\/\/turkmenexporter.com\/product\/polvo-de-hornear-altin-en-cubo\/"},"modified":"2025-03-21T16:38:15","modified_gmt":"2025-03-21T11:38:15","slug":"polvo-de-hornear-altin-en-cubo","status":"publish","type":"product","link":"https:\/\/turkmenexporter.com\/es\/producto\/polvo-de-hornear-altin-en-cubo\/","title":{"rendered":"Polvo de hornear ALTIN en cubo"},"content":{"rendered":"<div class=\"flex max-w-full flex-col flex-grow\">\n<div class=\"min-h-8 text-message relative flex w-full flex-col items-end gap-2 whitespace-normal break-words text-start [.text-message+&amp;]:mt-5\" dir=\"auto\" data-message-author-role=\"assistant\" data-message-id=\"78db1af3-5679-46ca-b7a7-26ea044b4a22\" data-message-model-slug=\"gpt-4o\">\n<div class=\"flex w-full flex-col gap-1 empty:hidden first:pt-[3px]\">\n<div class=\"markdown prose w-full break-words dark:prose-invert dark\">\n<p data-start=\"1403\" data-end=\"1579\" data-is-last-node=\"\" data-is-only-node=\"\">Polvo de hornear Altin &#8211; Un agente leudante de alta calidad y doble acci\u00f3n para obtener productos horneados perfectamente suaves, esponjosos y deliciosos. Ideal para reposter\u00eda profesional y casera. <\/p>\n<p>Composici\u00f3n del producto: Dihidr\u00f3geno fosfatodis\u00f3dico, bicarbonato s \u00f3dico, almid\u00f3n de ma\u00edz.<\/p>\n<p>Condiciones de almacenamiento: En un lugar seco y fresco, a una temperatura elevada de 20 \u00b0C y la humedad debe mantenerse a no m\u00e1s del 70%.<\/p>\n<p>Caducidad: 24 meses. Producto certificado.<br \/>\nNo contiene OMG.<\/p>\n<\/div>\n<\/div>\n<\/div>\n<\/div>\n","protected":false},"excerpt":{"rendered":"<p>Cubo de polvos de hornear 600 g.<\/p>\n<p>6 cubos en una caja.<\/p>\n<p>Pesobruto de la caja 4,1 kg.<\/p>\n","protected":false},"featured_media":14167,"comment_status":"open","ping_status":"closed","template":"","meta":{"_acf_changed":false},"brand":[899],"product_cat":[984],"product_tag":[851],"class_list":{"0":"post-14211","1":"product","2":"type-product","3":"status-publish","4":"has-post-thumbnail","6":"brand-balsheker-es","7":"product_cat-aditivos-alimentarios","8":"product_tag-front-product-es","10":"first","11":"instock","12":"shipping-taxable","13":"purchasable","14":"product-type-simple"},"acf":[],"_links":{"self":[{"href":"https:\/\/turkmenexporter.com\/es\/wp-json\/wp\/v2\/product\/14211","targetHints":{"allow":["GET"]}}],"collection":[{"href":"https:\/\/turkmenexporter.com\/es\/wp-json\/wp\/v2\/product"}],"about":[{"href":"https:\/\/turkmenexporter.com\/es\/wp-json\/wp\/v2\/types\/product"}],"replies":[{"embeddable":true,"href":"https:\/\/turkmenexporter.com\/es\/wp-json\/wp\/v2\/comments?post=14211"}],"version-history":[{"count":0,"href":"https:\/\/turkmenexporter.com\/es\/wp-json\/wp\/v2\/product\/14211\/revisions"}],"wp:featuredmedia":[{"embeddable":true,"href":"https:\/\/turkmenexporter.com\/es\/wp-json\/wp\/v2\/media\/14167"}],"wp:attachment":[{"href":"https:\/\/turkmenexporter.com\/es\/wp-json\/wp\/v2\/media?parent=14211"}],"wp:term":[{"taxonomy":"brand","embeddable":true,"href":"https:\/\/turkmenexporter.com\/es\/wp-json\/wp\/v2\/brand?post=14211"},{"taxonomy":"product_cat","embeddable":true,"href":"https:\/\/turkmenexporter.com\/es\/wp-json\/wp\/v2\/product_cat?post=14211"},{"taxonomy":"product_tag","embeddable":true,"href":"https:\/\/turkmenexporter.com\/es\/wp-json\/wp\/v2\/product_tag?post=14211"}],"curies":[{"name":"wp","href":"https:\/\/api.w.org\/{rel}","templated":true}]}}