{"id":14212,"date":"2025-03-21T15:24:07","date_gmt":"2025-03-21T10:24:07","guid":{"rendered":"https:\/\/turkmenexporter.com\/product\/polvo-de-hornear-altin\/"},"modified":"2025-03-23T00:10:50","modified_gmt":"2025-03-22T19:10:50","slug":"polvo-de-hornear-altin","status":"publish","type":"product","link":"https:\/\/turkmenexporter.com\/es\/producto\/polvo-de-hornear-altin\/","title":{"rendered":"Polvo de hornear ALTIN"},"content":{"rendered":"<p>La levadura en polvo Altin es un agente leudante de alta calidad dise\u00f1ado para dar a los productos horneados el aumento y la textura perfectos. Ideal para tartas, pasteles, panes y galletas, este polvo de hornear garantiza un aumento uniforme y consistente de la masa, para que sus productos horneados queden suaves, esponjosos y deliciosos. Tanto si es un panadero profesional como un cocinero casero , La levadura en polvo Altin es el ingrediente imprescindible para obtener siempre resultados perfectos.  <\/p>\n<p>Composici\u00f3n del producto: Dihidr\u00f3geno fosfatodis\u00f3dico, bicarbonato s \u00f3dico, almid\u00f3n de ma\u00edz.<\/p>\n<p>Condiciones de almacenamiento: En un lugar seco y fresco, a una temperatura elevada de 20 \u00b0C y la humedad debe mantenerse a no m\u00e1s del 70%.<\/p>\n<p>Caducidad: 24 meses. Producto certificado.<br \/>\nNo contiene OMG.<\/p>\n","protected":false},"excerpt":{"rendered":"<p>Polvo de hornear paquete de 10 g.<\/p>\n<p>48 paquetes en un envase. 10 paquetes en una caja.<\/p>\n<p>Peso bruto de la caja 5,71 kg.<\/p>\n","protected":false},"featured_media":14136,"comment_status":"open","ping_status":"closed","template":"","meta":{"_acf_changed":false},"brand":[899],"product_cat":[984],"product_tag":[],"class_list":{"0":"post-14212","1":"product","2":"type-product","3":"status-publish","4":"has-post-thumbnail","6":"brand-balsheker-es","7":"product_cat-aditivos-alimentarios","9":"first","10":"instock","11":"shipping-taxable","12":"purchasable","13":"product-type-simple"},"acf":[],"_links":{"self":[{"href":"https:\/\/turkmenexporter.com\/es\/wp-json\/wp\/v2\/product\/14212","targetHints":{"allow":["GET"]}}],"collection":[{"href":"https:\/\/turkmenexporter.com\/es\/wp-json\/wp\/v2\/product"}],"about":[{"href":"https:\/\/turkmenexporter.com\/es\/wp-json\/wp\/v2\/types\/product"}],"replies":[{"embeddable":true,"href":"https:\/\/turkmenexporter.com\/es\/wp-json\/wp\/v2\/comments?post=14212"}],"version-history":[{"count":1,"href":"https:\/\/turkmenexporter.com\/es\/wp-json\/wp\/v2\/product\/14212\/revisions"}],"predecessor-version":[{"id":14302,"href":"https:\/\/turkmenexporter.com\/es\/wp-json\/wp\/v2\/product\/14212\/revisions\/14302"}],"wp:featuredmedia":[{"embeddable":true,"href":"https:\/\/turkmenexporter.com\/es\/wp-json\/wp\/v2\/media\/14136"}],"wp:attachment":[{"href":"https:\/\/turkmenexporter.com\/es\/wp-json\/wp\/v2\/media?parent=14212"}],"wp:term":[{"taxonomy":"brand","embeddable":true,"href":"https:\/\/turkmenexporter.com\/es\/wp-json\/wp\/v2\/brand?post=14212"},{"taxonomy":"product_cat","embeddable":true,"href":"https:\/\/turkmenexporter.com\/es\/wp-json\/wp\/v2\/product_cat?post=14212"},{"taxonomy":"product_tag","embeddable":true,"href":"https:\/\/turkmenexporter.com\/es\/wp-json\/wp\/v2\/product_tag?post=14212"}],"curies":[{"name":"wp","href":"https:\/\/api.w.org\/{rel}","templated":true}]}}