{"id":14645,"date":"2025-03-31T16:18:24","date_gmt":"2025-03-31T11:18:24","guid":{"rendered":"https:\/\/turkmenexporter.com\/product\/kenton-vanilla-azucar\/"},"modified":"2025-03-31T16:18:24","modified_gmt":"2025-03-31T11:18:24","slug":"kenton-vanilla-azucar","status":"publish","type":"product","link":"https:\/\/turkmenexporter.com\/es\/producto\/kenton-vanilla-azucar\/","title":{"rendered":"Az\u00facarde vainilla Kenton"},"content":{"rendered":"<p>Az\u00facar de vainilla Kenton &#8211; Un edulcorante infundido con vainilla natural para un arom\u00e1tico, rico sabor. Ideal para hornear y postres. Perfecto para uso dom\u00e9stico y profesional.  <\/p>\n<p>Composici\u00f3n del producto: Az\u00facaren polvo, almid\u00f3n, vainilla (3%).<\/p>\n<p>Condiciones de almacenamiento: En un lugar seco y fresco, a una temperatura elevada de 5-25 \u00b0C y la humedad debe mantenerse a no m\u00e1s del 75%.<\/p>\n<p>Caducidad: 23 meses. Producto certificado.<br \/>\nNo contiene OMG.<\/p>\n","protected":false},"excerpt":{"rendered":"<p>Az\u00facar vainillado 10 kg.<\/p>\n<p>Peso bruto 10,1 kg.<\/p>\n","protected":false},"featured_media":14619,"comment_status":"open","ping_status":"closed","template":"","meta":{"_acf_changed":false},"brand":[1020],"product_cat":[984],"product_tag":[],"class_list":{"0":"post-14645","1":"product","2":"type-product","3":"status-publish","4":"has-post-thumbnail","6":"brand-kenton-es","7":"product_cat-aditivos-alimentarios","9":"first","10":"instock","11":"shipping-taxable","12":"purchasable","13":"product-type-simple"},"acf":[],"_links":{"self":[{"href":"https:\/\/turkmenexporter.com\/es\/wp-json\/wp\/v2\/product\/14645","targetHints":{"allow":["GET"]}}],"collection":[{"href":"https:\/\/turkmenexporter.com\/es\/wp-json\/wp\/v2\/product"}],"about":[{"href":"https:\/\/turkmenexporter.com\/es\/wp-json\/wp\/v2\/types\/product"}],"replies":[{"embeddable":true,"href":"https:\/\/turkmenexporter.com\/es\/wp-json\/wp\/v2\/comments?post=14645"}],"version-history":[{"count":0,"href":"https:\/\/turkmenexporter.com\/es\/wp-json\/wp\/v2\/product\/14645\/revisions"}],"wp:featuredmedia":[{"embeddable":true,"href":"https:\/\/turkmenexporter.com\/es\/wp-json\/wp\/v2\/media\/14619"}],"wp:attachment":[{"href":"https:\/\/turkmenexporter.com\/es\/wp-json\/wp\/v2\/media?parent=14645"}],"wp:term":[{"taxonomy":"brand","embeddable":true,"href":"https:\/\/turkmenexporter.com\/es\/wp-json\/wp\/v2\/brand?post=14645"},{"taxonomy":"product_cat","embeddable":true,"href":"https:\/\/turkmenexporter.com\/es\/wp-json\/wp\/v2\/product_cat?post=14645"},{"taxonomy":"product_tag","embeddable":true,"href":"https:\/\/turkmenexporter.com\/es\/wp-json\/wp\/v2\/product_tag?post=14645"}],"curies":[{"name":"wp","href":"https:\/\/api.w.org\/{rel}","templated":true}]}}