{"id":14646,"date":"2025-03-26T22:30:57","date_gmt":"2025-03-26T17:30:57","guid":{"rendered":"https:\/\/turkmenexporter.com\/product\/kenton-crema-chantilly\/"},"modified":"2025-03-26T22:30:57","modified_gmt":"2025-03-26T17:30:57","slug":"kenton-crema-chantilly","status":"publish","type":"product","link":"https:\/\/turkmenexporter.com\/es\/producto\/kenton-crema-chantilly\/","title":{"rendered":"Kenton Crema Chantilly"},"content":{"rendered":"<p>Kenton Cream Chantilly es una nata montada de primera calidad dise\u00f1ada para a\u00f1adir una lujosa, suave y delicada dulzura a una gran variedad de postres y dulces.<\/p>\n<p>Composici\u00f3n del producto: Az\u00facar en polvo, glucosa, aceite vegetal, emulgentes (monoglic\u00e9ridos y diglic\u00e9ridos de \u00e1cido ac\u00e9tico), caseinato s\u00f3dico, almid\u00f3n de ma\u00edz, vainillina.<\/p>\n<p>Condiciones de almacenamiento: En un lugar seco y fresco, a una temperatura elevada de 5-25 \u00b0C y la humedad debe mantenerse a no m\u00e1s del 75%.<\/p>\n<p>Caducidad: 18 meses. Producto certificado.<br \/>\nNo contiene OMG.<\/p>\n","protected":false},"excerpt":{"rendered":"<p>Crema chantilly en polvo, 10 kg.<br \/>\nPeso bruto: 10,1 kg.<\/p>\n","protected":false},"featured_media":14601,"comment_status":"open","ping_status":"closed","template":"","meta":{"_acf_changed":false},"brand":[1020],"product_cat":[984],"product_tag":[],"class_list":{"0":"post-14646","1":"product","2":"type-product","3":"status-publish","4":"has-post-thumbnail","6":"brand-kenton-es","7":"product_cat-aditivos-alimentarios","9":"first","10":"instock","11":"shipping-taxable","12":"purchasable","13":"product-type-simple"},"acf":[],"_links":{"self":[{"href":"https:\/\/turkmenexporter.com\/es\/wp-json\/wp\/v2\/product\/14646","targetHints":{"allow":["GET"]}}],"collection":[{"href":"https:\/\/turkmenexporter.com\/es\/wp-json\/wp\/v2\/product"}],"about":[{"href":"https:\/\/turkmenexporter.com\/es\/wp-json\/wp\/v2\/types\/product"}],"replies":[{"embeddable":true,"href":"https:\/\/turkmenexporter.com\/es\/wp-json\/wp\/v2\/comments?post=14646"}],"version-history":[{"count":0,"href":"https:\/\/turkmenexporter.com\/es\/wp-json\/wp\/v2\/product\/14646\/revisions"}],"wp:featuredmedia":[{"embeddable":true,"href":"https:\/\/turkmenexporter.com\/es\/wp-json\/wp\/v2\/media\/14601"}],"wp:attachment":[{"href":"https:\/\/turkmenexporter.com\/es\/wp-json\/wp\/v2\/media?parent=14646"}],"wp:term":[{"taxonomy":"brand","embeddable":true,"href":"https:\/\/turkmenexporter.com\/es\/wp-json\/wp\/v2\/brand?post=14646"},{"taxonomy":"product_cat","embeddable":true,"href":"https:\/\/turkmenexporter.com\/es\/wp-json\/wp\/v2\/product_cat?post=14646"},{"taxonomy":"product_tag","embeddable":true,"href":"https:\/\/turkmenexporter.com\/es\/wp-json\/wp\/v2\/product_tag?post=14646"}],"curies":[{"name":"wp","href":"https:\/\/api.w.org\/{rel}","templated":true}]}}