{"id":14647,"date":"2025-03-26T22:22:21","date_gmt":"2025-03-26T17:22:21","guid":{"rendered":"https:\/\/turkmenexporter.com\/product\/polvo-de-hornear-kenton\/"},"modified":"2025-03-26T22:22:21","modified_gmt":"2025-03-26T17:22:21","slug":"polvo-de-hornear-kenton","status":"publish","type":"product","link":"https:\/\/turkmenexporter.com\/es\/producto\/polvo-de-hornear-kenton\/","title":{"rendered":"Kenton Polvo de hor near"},"content":{"rendered":"<p>Kenton Levadura en Polvo &#8211; Un agente leudante de alta calidad, agente leudante de doble acci\u00f3n que garantiza unos productos de pan ader\u00eda ligeros y perfectamente fermentados. Ideal para uso dom\u00e9stico y profesional. <\/p>\n<p>Composici\u00f3n del producto: Dihidr\u00f3geno fosfatodis\u00f3dico, bicarbonato s \u00f3dico, almid\u00f3n de ma\u00edz.<\/p>\n<p>Condiciones de almacenamiento: En un lugar seco y fresco, a una temperatura elevada de 20 \u00b0C y la humedad debe mantenerse a no m\u00e1s del 70%.<\/p>\n<p>Caducidad: 24 meses. Producto certificado.<br \/>\nNo contiene OMG.<\/p>\n","protected":false},"excerpt":{"rendered":"<p>Levadura en polvo 10 kg.<br \/>\nPeso bruto 10,1 kg.<\/p>\n","protected":false},"featured_media":14592,"comment_status":"open","ping_status":"closed","template":"","meta":{"_acf_changed":false},"brand":[1020],"product_cat":[984],"product_tag":[],"class_list":{"0":"post-14647","1":"product","2":"type-product","3":"status-publish","4":"has-post-thumbnail","6":"brand-kenton-es","7":"product_cat-aditivos-alimentarios","9":"first","10":"instock","11":"shipping-taxable","12":"purchasable","13":"product-type-simple"},"acf":[],"_links":{"self":[{"href":"https:\/\/turkmenexporter.com\/es\/wp-json\/wp\/v2\/product\/14647","targetHints":{"allow":["GET"]}}],"collection":[{"href":"https:\/\/turkmenexporter.com\/es\/wp-json\/wp\/v2\/product"}],"about":[{"href":"https:\/\/turkmenexporter.com\/es\/wp-json\/wp\/v2\/types\/product"}],"replies":[{"embeddable":true,"href":"https:\/\/turkmenexporter.com\/es\/wp-json\/wp\/v2\/comments?post=14647"}],"version-history":[{"count":0,"href":"https:\/\/turkmenexporter.com\/es\/wp-json\/wp\/v2\/product\/14647\/revisions"}],"wp:featuredmedia":[{"embeddable":true,"href":"https:\/\/turkmenexporter.com\/es\/wp-json\/wp\/v2\/media\/14592"}],"wp:attachment":[{"href":"https:\/\/turkmenexporter.com\/es\/wp-json\/wp\/v2\/media?parent=14647"}],"wp:term":[{"taxonomy":"brand","embeddable":true,"href":"https:\/\/turkmenexporter.com\/es\/wp-json\/wp\/v2\/brand?post=14647"},{"taxonomy":"product_cat","embeddable":true,"href":"https:\/\/turkmenexporter.com\/es\/wp-json\/wp\/v2\/product_cat?post=14647"},{"taxonomy":"product_tag","embeddable":true,"href":"https:\/\/turkmenexporter.com\/es\/wp-json\/wp\/v2\/product_tag?post=14647"}],"curies":[{"name":"wp","href":"https:\/\/api.w.org\/{rel}","templated":true}]}}