{"id":14650,"date":"2025-03-23T01:01:58","date_gmt":"2025-03-22T20:01:58","guid":{"rendered":"https:\/\/turkmenexporter.com\/product\/gelatina-alimentaria\/"},"modified":"2025-03-23T01:01:58","modified_gmt":"2025-03-22T20:01:58","slug":"gelatina-alimentaria","status":"publish","type":"product","link":"https:\/\/turkmenexporter.com\/es\/producto\/gelatina-alimentaria\/","title":{"rendered":"Gelatina alimentaria"},"content":{"rendered":"<p>Gelatina alimentaria Kenton &#8211; Gelificante de primera calidad para reposter\u00eda y confiter\u00eda. Inodora, ins\u00edpida y perfecta para gelatinas, mousses y caramelos de goma. Ideal para uso dom\u00e9stico e industrial.  <\/p>\n<p>Product composition: Gelatin, food additive conservante E223.<\/p>\n<p>Condiciones de almacenamiento: Almacenar en un lugar seco y fresco a una temperatura de 5-25\u00b0C y una humedad relativa no superior al 70%.<\/p>\n<p>Caducidad: 18 meses. Producto certificado.<br \/>\nNo contiene OMG.<\/p>\n","protected":false},"excerpt":{"rendered":"<p>Food gelatin 50 g.<\/p>\n<p>48 pieces in box.<\/p>\n<p>Gross box weight 3.5 kg.<\/p>\n","protected":false},"featured_media":14330,"comment_status":"open","ping_status":"closed","template":"","meta":{"_acf_changed":false},"brand":[1020],"product_cat":[984],"product_tag":[],"class_list":{"0":"post-14650","1":"product","2":"type-product","3":"status-publish","4":"has-post-thumbnail","6":"brand-kenton-es","7":"product_cat-aditivos-alimentarios","9":"first","10":"instock","11":"shipping-taxable","12":"purchasable","13":"product-type-simple"},"acf":[],"_links":{"self":[{"href":"https:\/\/turkmenexporter.com\/es\/wp-json\/wp\/v2\/product\/14650","targetHints":{"allow":["GET"]}}],"collection":[{"href":"https:\/\/turkmenexporter.com\/es\/wp-json\/wp\/v2\/product"}],"about":[{"href":"https:\/\/turkmenexporter.com\/es\/wp-json\/wp\/v2\/types\/product"}],"replies":[{"embeddable":true,"href":"https:\/\/turkmenexporter.com\/es\/wp-json\/wp\/v2\/comments?post=14650"}],"version-history":[{"count":0,"href":"https:\/\/turkmenexporter.com\/es\/wp-json\/wp\/v2\/product\/14650\/revisions"}],"wp:featuredmedia":[{"embeddable":true,"href":"https:\/\/turkmenexporter.com\/es\/wp-json\/wp\/v2\/media\/14330"}],"wp:attachment":[{"href":"https:\/\/turkmenexporter.com\/es\/wp-json\/wp\/v2\/media?parent=14650"}],"wp:term":[{"taxonomy":"brand","embeddable":true,"href":"https:\/\/turkmenexporter.com\/es\/wp-json\/wp\/v2\/brand?post=14650"},{"taxonomy":"product_cat","embeddable":true,"href":"https:\/\/turkmenexporter.com\/es\/wp-json\/wp\/v2\/product_cat?post=14650"},{"taxonomy":"product_tag","embeddable":true,"href":"https:\/\/turkmenexporter.com\/es\/wp-json\/wp\/v2\/product_tag?post=14650"}],"curies":[{"name":"wp","href":"https:\/\/api.w.org\/{rel}","templated":true}]}}