{"id":15457,"date":"2025-04-15T20:12:47","date_gmt":"2025-04-15T15:12:47","guid":{"rendered":"https:\/\/turkmenexporter.com\/product\/palitos-de-chocolate-balsheker\/"},"modified":"2025-04-15T20:12:47","modified_gmt":"2025-04-15T15:12:47","slug":"palitos-de-chocolate-balsheker","status":"publish","type":"product","link":"https:\/\/turkmenexporter.com\/es\/producto\/palitos-de-chocolate-balsheker\/","title":{"rendered":"Barritas de chocolate \u00abBalsheker\u00bb"},"content":{"rendered":"<p>Composici\u00f3n del producto: Harina de trigo de primera calidad, leche en polvo, almid\u00f3n, az\u00facar en polvo, sal de mesa , mantequillafundida, emulsionante lecitina E322, chocolate, aroma id\u00e9ntico al natural \u00abVanillin\u00bb<\/p>\n<p>Condiciones de almacenamiento: Almacenar en un lugar seco y fresco a una temperatura de 18\u00b0C y una humedad relativa no superior al 70%.<\/p>\n<p>Caducidad: 6 meses. Producto certificado.<br \/>\nNo contiene OMG.<\/p>\n","protected":false},"excerpt":{"rendered":"<div class=\"elementor-element elementor-element-2cce439 elementor-widget__width-initial elementor-widget elementor-widget-woocommerce-product-short-description\" data-id=\"2cce439\" data-element_type=\"widget\" data-widget_type=\"woocommerce-product-short-description.default\">\n<div class=\"elementor-widget-container\">\n<div class=\"woocommerce-product-details__short-description\">\n<p>El precio indicado es por 1 caja.<\/p>\n<p>Caja de palitos de chocolate de 1400 g.<\/p>\n<p>400 cajas por palet.<\/p>\n<\/div>\n<\/div>\n<\/div>\n","protected":false},"featured_media":15245,"comment_status":"open","ping_status":"closed","template":"","meta":{"_acf_changed":false},"brand":[899],"product_cat":[905],"product_tag":[],"class_list":{"0":"post-15457","1":"product","2":"type-product","3":"status-publish","4":"has-post-thumbnail","6":"brand-balsheker-es","7":"product_cat-galletas","9":"first","10":"instock","11":"shipping-taxable","12":"purchasable","13":"product-type-simple"},"acf":[],"_links":{"self":[{"href":"https:\/\/turkmenexporter.com\/es\/wp-json\/wp\/v2\/product\/15457","targetHints":{"allow":["GET"]}}],"collection":[{"href":"https:\/\/turkmenexporter.com\/es\/wp-json\/wp\/v2\/product"}],"about":[{"href":"https:\/\/turkmenexporter.com\/es\/wp-json\/wp\/v2\/types\/product"}],"replies":[{"embeddable":true,"href":"https:\/\/turkmenexporter.com\/es\/wp-json\/wp\/v2\/comments?post=15457"}],"version-history":[{"count":0,"href":"https:\/\/turkmenexporter.com\/es\/wp-json\/wp\/v2\/product\/15457\/revisions"}],"wp:featuredmedia":[{"embeddable":true,"href":"https:\/\/turkmenexporter.com\/es\/wp-json\/wp\/v2\/media\/15245"}],"wp:attachment":[{"href":"https:\/\/turkmenexporter.com\/es\/wp-json\/wp\/v2\/media?parent=15457"}],"wp:term":[{"taxonomy":"brand","embeddable":true,"href":"https:\/\/turkmenexporter.com\/es\/wp-json\/wp\/v2\/brand?post=15457"},{"taxonomy":"product_cat","embeddable":true,"href":"https:\/\/turkmenexporter.com\/es\/wp-json\/wp\/v2\/product_cat?post=15457"},{"taxonomy":"product_tag","embeddable":true,"href":"https:\/\/turkmenexporter.com\/es\/wp-json\/wp\/v2\/product_tag?post=15457"}],"curies":[{"name":"wp","href":"https:\/\/api.w.org\/{rel}","templated":true}]}}