{"id":15458,"date":"2025-04-15T19:54:33","date_gmt":"2025-04-15T14:54:33","guid":{"rendered":"https:\/\/turkmenexporter.com\/product\/balsheker-palitos-de-bambu-con-chocolate\/"},"modified":"2025-04-15T19:54:33","modified_gmt":"2025-04-15T14:54:33","slug":"balsheker-palitos-de-bambu-con-chocolate","status":"publish","type":"product","link":"https:\/\/turkmenexporter.com\/es\/producto\/balsheker-palitos-de-bambu-con-chocolate\/","title":{"rendered":"\u00abBalsheker\u00bb palitos de bamb\u00fa con chocolate"},"content":{"rendered":"<p>Composici\u00f3n del producto: Harina de trigo de primera calidad, leche en polvo, almid\u00f3n, az\u00facar en polvo, sal de mesa , mantequillafundida, emulsionante lecitina E322, chocolate, aroma id\u00e9ntico al natural\u00bbVanillin\u00bb<\/p>\n<p>Condiciones de almacenamiento: Almacenar en un lugar seco y fresco a una temperatura de 18\u00b0C y una humedad relativa no superior al 70%.<\/p>\n<p>Caducidad: 6 meses. Producto certificado.<br \/>\nNo contiene OMG.<\/p>\n","protected":false},"excerpt":{"rendered":"<p>Palitos de chocolate de bamb\u00fa 400 g.<\/p>\n<p>9 paquetes por caja.<\/p>\n<p>108 cajas por pal\u00e9.<\/p>\n<p>Peso bruto por caja 4,13 kg.<\/p>\n","protected":false},"featured_media":15237,"comment_status":"open","ping_status":"closed","template":"","meta":{"_acf_changed":false},"brand":[899],"product_cat":[905],"product_tag":[],"class_list":{"0":"post-15458","1":"product","2":"type-product","3":"status-publish","4":"has-post-thumbnail","6":"brand-balsheker-es","7":"product_cat-galletas","9":"first","10":"instock","11":"shipping-taxable","12":"purchasable","13":"product-type-simple"},"acf":[],"_links":{"self":[{"href":"https:\/\/turkmenexporter.com\/es\/wp-json\/wp\/v2\/product\/15458","targetHints":{"allow":["GET"]}}],"collection":[{"href":"https:\/\/turkmenexporter.com\/es\/wp-json\/wp\/v2\/product"}],"about":[{"href":"https:\/\/turkmenexporter.com\/es\/wp-json\/wp\/v2\/types\/product"}],"replies":[{"embeddable":true,"href":"https:\/\/turkmenexporter.com\/es\/wp-json\/wp\/v2\/comments?post=15458"}],"version-history":[{"count":0,"href":"https:\/\/turkmenexporter.com\/es\/wp-json\/wp\/v2\/product\/15458\/revisions"}],"wp:featuredmedia":[{"embeddable":true,"href":"https:\/\/turkmenexporter.com\/es\/wp-json\/wp\/v2\/media\/15237"}],"wp:attachment":[{"href":"https:\/\/turkmenexporter.com\/es\/wp-json\/wp\/v2\/media?parent=15458"}],"wp:term":[{"taxonomy":"brand","embeddable":true,"href":"https:\/\/turkmenexporter.com\/es\/wp-json\/wp\/v2\/brand?post=15458"},{"taxonomy":"product_cat","embeddable":true,"href":"https:\/\/turkmenexporter.com\/es\/wp-json\/wp\/v2\/product_cat?post=15458"},{"taxonomy":"product_tag","embeddable":true,"href":"https:\/\/turkmenexporter.com\/es\/wp-json\/wp\/v2\/product_tag?post=15458"}],"curies":[{"name":"wp","href":"https:\/\/api.w.org\/{rel}","templated":true}]}}