{"id":15944,"date":"2025-05-02T16:04:31","date_gmt":"2025-05-02T11:04:31","guid":{"rendered":"https:\/\/turkmenexporter.com\/product\/nesil-cafe-3-en-1-caramelo-latte\/"},"modified":"2025-05-02T16:04:31","modified_gmt":"2025-05-02T11:04:31","slug":"nesil-cafe-3-en-1-caramelo-latte","status":"publish","type":"product","link":"https:\/\/turkmenexporter.com\/es\/producto\/nesil-cafe-3-en-1-caramelo-latte\/","title":{"rendered":"Caf\u00e9 Nesil \u00ab3 en 1\u00bb con leche y caramelo"},"content":{"rendered":"<p>Composici\u00f3n del producto: Caf\u00e9 instant\u00e1neo en polvo, az\u00facar en polvo, grasa vegetal en polvo, maltodextrina, agente espumante \u00abMocha\u00bb, \u00abdi\u00f3xido de silicio\u00bb, aroma \u00abcaramelo\u00bb en polvo.<\/p>\n<p>Condiciones de almacenamiento: a temperatura de 0\u00b0C a + 20\u00b0C y humedad relativa no superior al 75%.<\/p>\n<p>Caducidad: 24 meses<\/p>\n<p>Producto certificado. No contiene OMG.<\/p>\n","protected":false},"excerpt":{"rendered":"<p>Caf\u00e9 instant\u00e1neo \u00ab3 en 1\u00bb caramel latte 20 g.<\/p>\n<p>20 unidades por paquete.<\/p>\n<p>6 paquetes por caja.<\/p>\n<p>80 cajas por pal\u00e9.<\/p>\n<p>Peso del paquete: 0,4 kg<\/p>\n<p>Peso de la caja: 2,4 kg<\/p>\n","protected":false},"featured_media":15759,"comment_status":"open","ping_status":"closed","template":"","meta":{"_acf_changed":false},"brand":[1258],"product_cat":[732],"product_tag":[],"class_list":{"0":"post-15944","1":"product","2":"type-product","3":"status-publish","4":"has-post-thumbnail","6":"brand-nesil-coffee-es","7":"product_cat-cafe-es","9":"first","10":"instock","11":"shipping-taxable","12":"purchasable","13":"product-type-simple"},"acf":[],"_links":{"self":[{"href":"https:\/\/turkmenexporter.com\/es\/wp-json\/wp\/v2\/product\/15944","targetHints":{"allow":["GET"]}}],"collection":[{"href":"https:\/\/turkmenexporter.com\/es\/wp-json\/wp\/v2\/product"}],"about":[{"href":"https:\/\/turkmenexporter.com\/es\/wp-json\/wp\/v2\/types\/product"}],"replies":[{"embeddable":true,"href":"https:\/\/turkmenexporter.com\/es\/wp-json\/wp\/v2\/comments?post=15944"}],"version-history":[{"count":0,"href":"https:\/\/turkmenexporter.com\/es\/wp-json\/wp\/v2\/product\/15944\/revisions"}],"wp:featuredmedia":[{"embeddable":true,"href":"https:\/\/turkmenexporter.com\/es\/wp-json\/wp\/v2\/media\/15759"}],"wp:attachment":[{"href":"https:\/\/turkmenexporter.com\/es\/wp-json\/wp\/v2\/media?parent=15944"}],"wp:term":[{"taxonomy":"brand","embeddable":true,"href":"https:\/\/turkmenexporter.com\/es\/wp-json\/wp\/v2\/brand?post=15944"},{"taxonomy":"product_cat","embeddable":true,"href":"https:\/\/turkmenexporter.com\/es\/wp-json\/wp\/v2\/product_cat?post=15944"},{"taxonomy":"product_tag","embeddable":true,"href":"https:\/\/turkmenexporter.com\/es\/wp-json\/wp\/v2\/product_tag?post=15944"}],"curies":[{"name":"wp","href":"https:\/\/api.w.org\/{rel}","templated":true}]}}