{"id":15960,"date":"2025-05-02T16:04:19","date_gmt":"2025-05-02T11:04:19","guid":{"rendered":"https:\/\/turkmenexporter.com\/product\/nesil-cafe-la-crema\/"},"modified":"2025-11-30T16:01:07","modified_gmt":"2025-11-30T11:01:07","slug":"nesil-cafe-la-crema","status":"publish","type":"product","link":"https:\/\/turkmenexporter.com\/es\/producto\/nesil-cafe-la-crema\/","title":{"rendered":"Caf\u00e9 Nesil La Crema"},"content":{"rendered":"<p>Composici\u00f3n del producto: 100% granos enteros naturales. Una mezcla \u00fanica de las mejores variedades de Ar\u00e1bica y Robusta. Sabor rico y equilibrado con notas de chocolate y frutos secos. Presenta un agradable toque amargo. <\/p>\n<p>Condiciones de almacenamiento: a temperatura de 0\u00b0C a + 20\u00b0C y humedad relativa no superior al 75%.<\/p>\n<p>Caducidad: 24 meses<\/p>\n<p>Producto certificado. No contiene OMG.<\/p>\n","protected":false},"excerpt":{"rendered":"<p>\u00abLa Crema\u00bb tostado caf\u00e9 en grano 1 kg.<\/p>\n<p>8 paquetes por caja. <\/p>\n<p>64 cajas por pal\u00e9.<\/p>\n<p>Peso de la caja: 8 kg.<\/p>\n","protected":false},"featured_media":15783,"comment_status":"open","ping_status":"closed","template":"","meta":{"_acf_changed":false},"brand":[1258],"product_cat":[732],"product_tag":[],"class_list":{"0":"post-15960","1":"product","2":"type-product","3":"status-publish","4":"has-post-thumbnail","6":"brand-nesil-coffee-es","7":"product_cat-cafe-es","9":"first","10":"instock","11":"shipping-taxable","12":"purchasable","13":"product-type-simple"},"acf":[],"_links":{"self":[{"href":"https:\/\/turkmenexporter.com\/es\/wp-json\/wp\/v2\/product\/15960","targetHints":{"allow":["GET"]}}],"collection":[{"href":"https:\/\/turkmenexporter.com\/es\/wp-json\/wp\/v2\/product"}],"about":[{"href":"https:\/\/turkmenexporter.com\/es\/wp-json\/wp\/v2\/types\/product"}],"replies":[{"embeddable":true,"href":"https:\/\/turkmenexporter.com\/es\/wp-json\/wp\/v2\/comments?post=15960"}],"version-history":[{"count":1,"href":"https:\/\/turkmenexporter.com\/es\/wp-json\/wp\/v2\/product\/15960\/revisions"}],"predecessor-version":[{"id":19977,"href":"https:\/\/turkmenexporter.com\/es\/wp-json\/wp\/v2\/product\/15960\/revisions\/19977"}],"wp:featuredmedia":[{"embeddable":true,"href":"https:\/\/turkmenexporter.com\/es\/wp-json\/wp\/v2\/media\/15783"}],"wp:attachment":[{"href":"https:\/\/turkmenexporter.com\/es\/wp-json\/wp\/v2\/media?parent=15960"}],"wp:term":[{"taxonomy":"brand","embeddable":true,"href":"https:\/\/turkmenexporter.com\/es\/wp-json\/wp\/v2\/brand?post=15960"},{"taxonomy":"product_cat","embeddable":true,"href":"https:\/\/turkmenexporter.com\/es\/wp-json\/wp\/v2\/product_cat?post=15960"},{"taxonomy":"product_tag","embeddable":true,"href":"https:\/\/turkmenexporter.com\/es\/wp-json\/wp\/v2\/product_tag?post=15960"}],"curies":[{"name":"wp","href":"https:\/\/api.w.org\/{rel}","templated":true}]}}