{"id":16126,"date":"2025-04-24T18:09:37","date_gmt":"2025-04-24T13:09:37","guid":{"rendered":"https:\/\/turkmenexporter.com\/product\/calcetines-navidenos-para-mujer-navidad-y-ano-nuevo\/"},"modified":"2025-04-24T18:09:37","modified_gmt":"2025-04-24T13:09:37","slug":"calcetines-navidenos-para-mujer-navidad-y-ano-nuevo","status":"publish","type":"product","link":"https:\/\/turkmenexporter.com\/es\/producto\/calcetines-navidenos-para-mujer-navidad-y-ano-nuevo\/","title":{"rendered":"Calcetines navide\u00f1os para mujer &#8211; Navidad y A\u00f1o Nuevo"},"content":{"rendered":"<p>80 % algod\u00f3n<\/p>\n<p>16 % poliamida<\/p>\n<p>4 % elastano<\/p>\n<p>Tallas: 36-40<\/p>\n","protected":false},"excerpt":{"rendered":"<p>Calcetines de algod\u00f3n de alta calidad.<\/p>\n<p>Cualquier ajuste en dise\u00f1o, tama\u00f1o y contenido puede ser negociado. <\/p>\n","protected":false},"featured_media":13002,"comment_status":"open","ping_status":"closed","template":"","meta":{"_acf_changed":false},"brand":[1050],"product_cat":[1045],"product_tag":[],"class_list":{"0":"post-16126","1":"product","2":"type-product","3":"status-publish","4":"has-post-thumbnail","6":"brand-batly-gadam-es","7":"product_cat-calcetines","9":"first","10":"instock","11":"shipping-taxable","12":"purchasable","13":"product-type-simple"},"acf":[],"_links":{"self":[{"href":"https:\/\/turkmenexporter.com\/es\/wp-json\/wp\/v2\/product\/16126","targetHints":{"allow":["GET"]}}],"collection":[{"href":"https:\/\/turkmenexporter.com\/es\/wp-json\/wp\/v2\/product"}],"about":[{"href":"https:\/\/turkmenexporter.com\/es\/wp-json\/wp\/v2\/types\/product"}],"replies":[{"embeddable":true,"href":"https:\/\/turkmenexporter.com\/es\/wp-json\/wp\/v2\/comments?post=16126"}],"version-history":[{"count":0,"href":"https:\/\/turkmenexporter.com\/es\/wp-json\/wp\/v2\/product\/16126\/revisions"}],"wp:featuredmedia":[{"embeddable":true,"href":"https:\/\/turkmenexporter.com\/es\/wp-json\/wp\/v2\/media\/13002"}],"wp:attachment":[{"href":"https:\/\/turkmenexporter.com\/es\/wp-json\/wp\/v2\/media?parent=16126"}],"wp:term":[{"taxonomy":"brand","embeddable":true,"href":"https:\/\/turkmenexporter.com\/es\/wp-json\/wp\/v2\/brand?post=16126"},{"taxonomy":"product_cat","embeddable":true,"href":"https:\/\/turkmenexporter.com\/es\/wp-json\/wp\/v2\/product_cat?post=16126"},{"taxonomy":"product_tag","embeddable":true,"href":"https:\/\/turkmenexporter.com\/es\/wp-json\/wp\/v2\/product_tag?post=16126"}],"curies":[{"name":"wp","href":"https:\/\/api.w.org\/{rel}","templated":true}]}}