{"id":16454,"date":"2025-05-29T17:03:15","date_gmt":"2025-05-29T12:03:15","guid":{"rendered":"https:\/\/turkmenexporter.com\/product\/aceite-de-motor-imperol-plus-shpd-20w-50\/"},"modified":"2025-06-12T17:13:49","modified_gmt":"2025-06-12T12:13:49","slug":"aceite-de-motor-imperol-plus-shpd-20w-50","status":"publish","type":"product","link":"https:\/\/turkmenexporter.com\/es\/producto\/aceite-de-motor-imperol-plus-shpd-20w-50\/","title":{"rendered":"ACEITE DE MOTOR IMPEROL PLUS SHPD 20W-50"},"content":{"rendered":"<p><span data-sheets-root=\"1\">Aceite de motor diesel\/gasolina multigrado de larga duraci\u00f3n y alto rendimiento.<\/span><\/p>\n<p><span data-sheets-root=\"1\">Recomendado para motores di\u00e9sel turboalimentados\/no turboalimentados de camiones, furgonetas, autobuses, maquinaria de construcci\u00f3n, maquinaria agr\u00edcola, barcos o generadores di\u00e9sel, as\u00ed como para turismos di\u00e9sel\/gasolina y veh\u00edculos ligeros. Especialmente recomendado para motores di\u00e9sel\/gasolina antiguos y con un kilometraje elevado del tipo Euro 4\/5 para reducir la p\u00e9rdida de aceite.  <\/span><\/p>\n<p><span data-sheets-root=\"1\">Rango de temperatura ambiente recomendado para un rendimiento \u00f3ptimo del motor: -15 \u00b0C\/+45 \u00b0C. <\/span><\/p>\n<p><span data-sheets-root=\"1\">La vida \u00fatil es de hasta 5 a\u00f1os si el envase est\u00e1 bien cerrado y protegido de la luz solar en un lugar bien ventilado.<\/span><\/p>\n","protected":false},"excerpt":{"rendered":"<p>Gas\u00f3leo pesadoAceite para motores de gasolina<\/p>\n","protected":false},"featured_media":16351,"comment_status":"open","ping_status":"closed","template":"","meta":{"_acf_changed":false},"brand":[1279],"product_cat":[1281],"product_tag":[],"class_list":{"0":"post-16454","1":"product","2":"type-product","3":"status-publish","4":"has-post-thumbnail","6":"brand-imperol-es","7":"product_cat-productos-de-automocion","9":"first","10":"instock","11":"shipping-taxable","12":"purchasable","13":"product-type-variable","14":"has-default-attributes"},"acf":[],"_links":{"self":[{"href":"https:\/\/turkmenexporter.com\/es\/wp-json\/wp\/v2\/product\/16454","targetHints":{"allow":["GET"]}}],"collection":[{"href":"https:\/\/turkmenexporter.com\/es\/wp-json\/wp\/v2\/product"}],"about":[{"href":"https:\/\/turkmenexporter.com\/es\/wp-json\/wp\/v2\/types\/product"}],"replies":[{"embeddable":true,"href":"https:\/\/turkmenexporter.com\/es\/wp-json\/wp\/v2\/comments?post=16454"}],"version-history":[{"count":1,"href":"https:\/\/turkmenexporter.com\/es\/wp-json\/wp\/v2\/product\/16454\/revisions"}],"predecessor-version":[{"id":16568,"href":"https:\/\/turkmenexporter.com\/es\/wp-json\/wp\/v2\/product\/16454\/revisions\/16568"}],"wp:featuredmedia":[{"embeddable":true,"href":"https:\/\/turkmenexporter.com\/es\/wp-json\/wp\/v2\/media\/16351"}],"wp:attachment":[{"href":"https:\/\/turkmenexporter.com\/es\/wp-json\/wp\/v2\/media?parent=16454"}],"wp:term":[{"taxonomy":"brand","embeddable":true,"href":"https:\/\/turkmenexporter.com\/es\/wp-json\/wp\/v2\/brand?post=16454"},{"taxonomy":"product_cat","embeddable":true,"href":"https:\/\/turkmenexporter.com\/es\/wp-json\/wp\/v2\/product_cat?post=16454"},{"taxonomy":"product_tag","embeddable":true,"href":"https:\/\/turkmenexporter.com\/es\/wp-json\/wp\/v2\/product_tag?post=16454"}],"curies":[{"name":"wp","href":"https:\/\/api.w.org\/{rel}","templated":true}]}}