{"id":16460,"date":"2025-05-29T16:36:27","date_gmt":"2025-05-29T11:36:27","guid":{"rendered":"https:\/\/turkmenexporter.com\/product\/aceite-de-motor-imperol-plus-hd\/"},"modified":"2025-05-29T16:36:27","modified_gmt":"2025-05-29T11:36:27","slug":"aceite-de-motor-imperol-plus-hd","status":"publish","type":"product","link":"https:\/\/turkmenexporter.com\/es\/producto\/aceite-de-motor-imperol-plus-hd\/","title":{"rendered":"ACEITE DE MOTOR IMPEROL PLUS HD"},"content":{"rendered":"<p><span style=\"font-size: 12pt;font-family: Arial\" data-sheets-root=\"1\">Aceite multigrado de alto rendimiento para motores diesel\/gasolina de gran potencia. Recomendado para motores di\u00e9sel\/gasolina turboalimentados\/no turboalimentados EURO 2 o m\u00e1s antiguos y de alto kilometraje de camiones, furgonetas, turismos, autobuses, maquinaria de construcci\u00f3n, maquinaria agr\u00edcola, barcos o generadores. <\/span><\/p>\n<p><span style=\"font-size: 12pt;font-family: Arial\" data-sheets-root=\"1\">Rango de temperatura ambiente recomendado para un rendimiento \u00f3ptimo del motor:-15\u00b0C\/+45 \u00b0C <\/span><\/p>\n<p><span style=\"font-size: 12pt;font-family: Arial\" data-sheets-root=\"1\">La vida \u00fatil es de hasta 5 a\u00f1os si el envase est\u00e1 bien cerrado y protegido de la luz solar en un lugar bien ventilado.<\/span><\/p>\n","protected":false},"excerpt":{"rendered":"<p><span data-sheets-root=\"1\">Gas\u00f3leo para trabajo pesado<br \/>\nAceite para motor degasolina 5 L<br \/>\n4 ct. on por paquete<\/span><\/p>\n","protected":false},"featured_media":16279,"comment_status":"open","ping_status":"closed","template":"","meta":{"_acf_changed":false},"brand":[1279],"product_cat":[1281],"product_tag":[],"class_list":{"0":"post-16460","1":"product","2":"type-product","3":"status-publish","4":"has-post-thumbnail","6":"brand-imperol-es","7":"product_cat-productos-de-automocion","9":"first","10":"instock","11":"shipping-taxable","12":"purchasable","13":"product-type-variable","14":"has-default-attributes"},"acf":[],"_links":{"self":[{"href":"https:\/\/turkmenexporter.com\/es\/wp-json\/wp\/v2\/product\/16460","targetHints":{"allow":["GET"]}}],"collection":[{"href":"https:\/\/turkmenexporter.com\/es\/wp-json\/wp\/v2\/product"}],"about":[{"href":"https:\/\/turkmenexporter.com\/es\/wp-json\/wp\/v2\/types\/product"}],"replies":[{"embeddable":true,"href":"https:\/\/turkmenexporter.com\/es\/wp-json\/wp\/v2\/comments?post=16460"}],"version-history":[{"count":0,"href":"https:\/\/turkmenexporter.com\/es\/wp-json\/wp\/v2\/product\/16460\/revisions"}],"wp:featuredmedia":[{"embeddable":true,"href":"https:\/\/turkmenexporter.com\/es\/wp-json\/wp\/v2\/media\/16279"}],"wp:attachment":[{"href":"https:\/\/turkmenexporter.com\/es\/wp-json\/wp\/v2\/media?parent=16460"}],"wp:term":[{"taxonomy":"brand","embeddable":true,"href":"https:\/\/turkmenexporter.com\/es\/wp-json\/wp\/v2\/brand?post=16460"},{"taxonomy":"product_cat","embeddable":true,"href":"https:\/\/turkmenexporter.com\/es\/wp-json\/wp\/v2\/product_cat?post=16460"},{"taxonomy":"product_tag","embeddable":true,"href":"https:\/\/turkmenexporter.com\/es\/wp-json\/wp\/v2\/product_tag?post=16460"}],"curies":[{"name":"wp","href":"https:\/\/api.w.org\/{rel}","templated":true}]}}