{"id":16464,"date":"2025-05-29T16:21:26","date_gmt":"2025-05-29T11:21:26","guid":{"rendered":"https:\/\/turkmenexporter.com\/product\/aceite-de-motor-imperol-plus-sg-10w-40\/"},"modified":"2025-06-12T17:15:05","modified_gmt":"2025-06-12T12:15:05","slug":"lubricante-aceite-de-motor-imperol-plus-sg-10w-40","status":"publish","type":"product","link":"https:\/\/turkmenexporter.com\/es\/producto\/lubricante-aceite-de-motor-imperol-plus-sg-10w-40\/","title":{"rendered":"LUBRICANTE ACEITE DE MOTOR IMPEROL PLUS SG 10W-40"},"content":{"rendered":"<p>Excelente alto rendimiento producido por SYNERGY (MOLY\/ESTER) aceite de motor semisint\u00e9tico multigrado para gasolina\/diesel de \u00faltima tecnolog\u00eda y bajo consumo de combustible.<\/p>\n<p>Recomendado para turismos y veh\u00edculos comerciales ligeros de inyecci\u00f3n directa (GDI) o equipados con catalizador. Especialmente formulado para motores con m\u00e1s de 200.000 km y condiciones clim\u00e1ticas superiores a +35 \u00b0C y motores de gran cilindrada (V6\/V8, etc.) para reducir la p\u00e9rdida de aceite, con menores propiedades de fricci\u00f3n para reducir el consumo de combustible y evitar el calentamiento excesivo de los motores. <\/p>\n<p>Rango de temperatura ambiente recomendado para un rendimiento \u00f3ptimo del motor: -20 \u00b0C\/+45 \u00b0C.<br \/>\nLa vida \u00fatil es de hasta 5 a\u00f1os si el envase est\u00e1 bien cerrado y protegido de la luz solar en un lugar bien ventilado.<\/p>\n","protected":false},"excerpt":{"rendered":"<p>Aceite de motor semisint\u00e9tico 5 L<\/p>\n<p>4 ct. on por paquete<\/p>\n","protected":false},"featured_media":16303,"comment_status":"open","ping_status":"closed","template":"","meta":{"_acf_changed":false},"brand":[1279],"product_cat":[1281],"product_tag":[],"class_list":{"0":"post-16464","1":"product","2":"type-product","3":"status-publish","4":"has-post-thumbnail","6":"brand-imperol-es","7":"product_cat-productos-de-automocion","9":"first","10":"instock","11":"shipping-taxable","12":"purchasable","13":"product-type-simple"},"acf":[],"_links":{"self":[{"href":"https:\/\/turkmenexporter.com\/es\/wp-json\/wp\/v2\/product\/16464","targetHints":{"allow":["GET"]}}],"collection":[{"href":"https:\/\/turkmenexporter.com\/es\/wp-json\/wp\/v2\/product"}],"about":[{"href":"https:\/\/turkmenexporter.com\/es\/wp-json\/wp\/v2\/types\/product"}],"replies":[{"embeddable":true,"href":"https:\/\/turkmenexporter.com\/es\/wp-json\/wp\/v2\/comments?post=16464"}],"version-history":[{"count":1,"href":"https:\/\/turkmenexporter.com\/es\/wp-json\/wp\/v2\/product\/16464\/revisions"}],"predecessor-version":[{"id":16569,"href":"https:\/\/turkmenexporter.com\/es\/wp-json\/wp\/v2\/product\/16464\/revisions\/16569"}],"wp:featuredmedia":[{"embeddable":true,"href":"https:\/\/turkmenexporter.com\/es\/wp-json\/wp\/v2\/media\/16303"}],"wp:attachment":[{"href":"https:\/\/turkmenexporter.com\/es\/wp-json\/wp\/v2\/media?parent=16464"}],"wp:term":[{"taxonomy":"brand","embeddable":true,"href":"https:\/\/turkmenexporter.com\/es\/wp-json\/wp\/v2\/brand?post=16464"},{"taxonomy":"product_cat","embeddable":true,"href":"https:\/\/turkmenexporter.com\/es\/wp-json\/wp\/v2\/product_cat?post=16464"},{"taxonomy":"product_tag","embeddable":true,"href":"https:\/\/turkmenexporter.com\/es\/wp-json\/wp\/v2\/product_tag?post=16464"}],"curies":[{"name":"wp","href":"https:\/\/api.w.org\/{rel}","templated":true}]}}