{"id":16465,"date":"2025-05-29T16:21:26","date_gmt":"2025-05-29T11:21:26","guid":{"rendered":"https:\/\/turkmenexporter.com\/product\/aceite-de-motor-imperol-plus-sl-10w-40\/"},"modified":"2025-05-29T16:21:26","modified_gmt":"2025-05-29T11:21:26","slug":"aceite-de-motor-imperol-plus-sl-10w-40","status":"publish","type":"product","link":"https:\/\/turkmenexporter.com\/es\/producto\/aceite-de-motor-imperol-plus-sl-10w-40\/","title":{"rendered":"ACEITE DE MOTOR IMPEROL PLUS SL 10W-40"},"content":{"rendered":"<p>Aceite de motor semisint\u00e9tico multigrado de alto rendimiento para gasolina\/diesel .<\/p>\n<p>Recomendado para turismos y veh\u00edculos comerciales ligeros con inyecci\u00f3n directa (GDI) o equipados con catalizador. Especialmente formulado para las necesidades de los veh\u00edculos m\u00e1s antiguos. <\/p>\n<p>Rango de temperatura ambiente recomendado para un rendimiento \u00f3ptimo del motor: -20 \u00b0C\/+45 \u00b0C.<\/p>\n<p>La vida \u00fatil es de hasta 5 a\u00f1os si el envase est\u00e1 bien cerrado y protegido de la luz solar en un lugar bien ventilado.<\/p>\n","protected":false},"excerpt":{"rendered":"<p>Aceite de motor semisint\u00e9tico 5 L<\/p>\n<p>4 ct. on por paquete<\/p>\n","protected":false},"featured_media":16363,"comment_status":"open","ping_status":"closed","template":"","meta":{"_acf_changed":false},"brand":[1279],"product_cat":[1281],"product_tag":[],"class_list":{"0":"post-16465","1":"product","2":"type-product","3":"status-publish","4":"has-post-thumbnail","6":"brand-imperol-es","7":"product_cat-productos-de-automocion","9":"first","10":"instock","11":"shipping-taxable","12":"purchasable","13":"product-type-simple"},"acf":[],"_links":{"self":[{"href":"https:\/\/turkmenexporter.com\/es\/wp-json\/wp\/v2\/product\/16465","targetHints":{"allow":["GET"]}}],"collection":[{"href":"https:\/\/turkmenexporter.com\/es\/wp-json\/wp\/v2\/product"}],"about":[{"href":"https:\/\/turkmenexporter.com\/es\/wp-json\/wp\/v2\/types\/product"}],"replies":[{"embeddable":true,"href":"https:\/\/turkmenexporter.com\/es\/wp-json\/wp\/v2\/comments?post=16465"}],"version-history":[{"count":0,"href":"https:\/\/turkmenexporter.com\/es\/wp-json\/wp\/v2\/product\/16465\/revisions"}],"wp:featuredmedia":[{"embeddable":true,"href":"https:\/\/turkmenexporter.com\/es\/wp-json\/wp\/v2\/media\/16363"}],"wp:attachment":[{"href":"https:\/\/turkmenexporter.com\/es\/wp-json\/wp\/v2\/media?parent=16465"}],"wp:term":[{"taxonomy":"brand","embeddable":true,"href":"https:\/\/turkmenexporter.com\/es\/wp-json\/wp\/v2\/brand?post=16465"},{"taxonomy":"product_cat","embeddable":true,"href":"https:\/\/turkmenexporter.com\/es\/wp-json\/wp\/v2\/product_cat?post=16465"},{"taxonomy":"product_tag","embeddable":true,"href":"https:\/\/turkmenexporter.com\/es\/wp-json\/wp\/v2\/product_tag?post=16465"}],"curies":[{"name":"wp","href":"https:\/\/api.w.org\/{rel}","templated":true}]}}