{"id":17269,"date":"2025-07-14T16:58:05","date_gmt":"2025-07-14T11:58:05","guid":{"rendered":"https:\/\/turkmenexporter.com\/product\/banera-exenta-rome\/"},"modified":"2025-07-16T13:26:14","modified_gmt":"2025-07-16T08:26:14","slug":"banera-exenta-rome","status":"publish","type":"product","link":"https:\/\/turkmenexporter.com\/es\/producto\/banera-exenta-rome\/","title":{"rendered":"Ba\u00f1era exenta Roma"},"content":{"rendered":"<p>Elegante y duradera, la ba\u00f1era exenta Pietra Bianca \u00abRome\u00bb est\u00e1 fabricada con material Durastone de alta calidad. Con sus suaves curvas y su dise\u00f1o moderno, es una pieza central perfecta para ba\u00f1os de lujo. Dimensiones: 1800x880x570 mm. Peso: 190 kg.   <\/p>\n","protected":false},"excerpt":{"rendered":"<p>Ba\u00f1era Pietra Bianca<\/p>\n<p>Material: Durastone<\/p>\n<p>Peso: 190 kg<\/p>\n<p>Dimensiones: 1800x880x570<\/p>\n","protected":false},"featured_media":17052,"comment_status":"open","ping_status":"closed","template":"","meta":{"_acf_changed":false},"brand":[1300],"product_cat":[1302],"product_tag":[],"class_list":{"0":"post-17269","1":"product","2":"type-product","3":"status-publish","4":"has-post-thumbnail","6":"brand-pietra-bianca-es","7":"product_cat-accesorios-debano","9":"first","10":"instock","11":"shipping-taxable","12":"purchasable","13":"product-type-simple"},"acf":[],"_links":{"self":[{"href":"https:\/\/turkmenexporter.com\/es\/wp-json\/wp\/v2\/product\/17269","targetHints":{"allow":["GET"]}}],"collection":[{"href":"https:\/\/turkmenexporter.com\/es\/wp-json\/wp\/v2\/product"}],"about":[{"href":"https:\/\/turkmenexporter.com\/es\/wp-json\/wp\/v2\/types\/product"}],"replies":[{"embeddable":true,"href":"https:\/\/turkmenexporter.com\/es\/wp-json\/wp\/v2\/comments?post=17269"}],"version-history":[{"count":1,"href":"https:\/\/turkmenexporter.com\/es\/wp-json\/wp\/v2\/product\/17269\/revisions"}],"predecessor-version":[{"id":17810,"href":"https:\/\/turkmenexporter.com\/es\/wp-json\/wp\/v2\/product\/17269\/revisions\/17810"}],"wp:featuredmedia":[{"embeddable":true,"href":"https:\/\/turkmenexporter.com\/es\/wp-json\/wp\/v2\/media\/17052"}],"wp:attachment":[{"href":"https:\/\/turkmenexporter.com\/es\/wp-json\/wp\/v2\/media?parent=17269"}],"wp:term":[{"taxonomy":"brand","embeddable":true,"href":"https:\/\/turkmenexporter.com\/es\/wp-json\/wp\/v2\/brand?post=17269"},{"taxonomy":"product_cat","embeddable":true,"href":"https:\/\/turkmenexporter.com\/es\/wp-json\/wp\/v2\/product_cat?post=17269"},{"taxonomy":"product_tag","embeddable":true,"href":"https:\/\/turkmenexporter.com\/es\/wp-json\/wp\/v2\/product_tag?post=17269"}],"curies":[{"name":"wp","href":"https:\/\/api.w.org\/{rel}","templated":true}]}}