{"id":17277,"date":"2025-07-14T16:58:03","date_gmt":"2025-07-14T11:58:03","guid":{"rendered":"https:\/\/turkmenexporter.com\/product\/banera-exenta-onda\/"},"modified":"2025-07-16T13:28:09","modified_gmt":"2025-07-16T08:28:09","slug":"banera-exenta-onda","status":"publish","type":"product","link":"https:\/\/turkmenexporter.com\/es\/producto\/banera-exenta-onda\/","title":{"rendered":"Ba\u00f1era exenta Onda"},"content":{"rendered":"<p>Elegante y duradera, la ba\u00f1era exenta Pietra Bianca \u00abOnda\u00bb est\u00e1 fabricada con material Durastone de alta calidad. Con sus suaves curvas y su moderno dise\u00f1o, es una pieza central perfecta para cuartos de ba\u00f1o de lujo. Dimensiones: 1800x1100x620 mm. Peso: 200 kg.   <\/p>\n","protected":false},"excerpt":{"rendered":"<p>Ba\u00f1era Pietra Bianca<\/p>\n<p>Material: Durastone<\/p>\n<p>Peso: 200 kg<\/p>\n<p>Tama\u00f1o: 1800x1100x620<\/p>\n","protected":false},"featured_media":17046,"comment_status":"open","ping_status":"closed","template":"","meta":{"_acf_changed":false},"brand":[1300],"product_cat":[1302],"product_tag":[],"class_list":{"0":"post-17277","1":"product","2":"type-product","3":"status-publish","4":"has-post-thumbnail","6":"brand-pietra-bianca-es","7":"product_cat-accesorios-debano","9":"first","10":"instock","11":"shipping-taxable","12":"purchasable","13":"product-type-simple"},"acf":[],"_links":{"self":[{"href":"https:\/\/turkmenexporter.com\/es\/wp-json\/wp\/v2\/product\/17277","targetHints":{"allow":["GET"]}}],"collection":[{"href":"https:\/\/turkmenexporter.com\/es\/wp-json\/wp\/v2\/product"}],"about":[{"href":"https:\/\/turkmenexporter.com\/es\/wp-json\/wp\/v2\/types\/product"}],"replies":[{"embeddable":true,"href":"https:\/\/turkmenexporter.com\/es\/wp-json\/wp\/v2\/comments?post=17277"}],"version-history":[{"count":1,"href":"https:\/\/turkmenexporter.com\/es\/wp-json\/wp\/v2\/product\/17277\/revisions"}],"predecessor-version":[{"id":17813,"href":"https:\/\/turkmenexporter.com\/es\/wp-json\/wp\/v2\/product\/17277\/revisions\/17813"}],"wp:featuredmedia":[{"embeddable":true,"href":"https:\/\/turkmenexporter.com\/es\/wp-json\/wp\/v2\/media\/17046"}],"wp:attachment":[{"href":"https:\/\/turkmenexporter.com\/es\/wp-json\/wp\/v2\/media?parent=17277"}],"wp:term":[{"taxonomy":"brand","embeddable":true,"href":"https:\/\/turkmenexporter.com\/es\/wp-json\/wp\/v2\/brand?post=17277"},{"taxonomy":"product_cat","embeddable":true,"href":"https:\/\/turkmenexporter.com\/es\/wp-json\/wp\/v2\/product_cat?post=17277"},{"taxonomy":"product_tag","embeddable":true,"href":"https:\/\/turkmenexporter.com\/es\/wp-json\/wp\/v2\/product_tag?post=17277"}],"curies":[{"name":"wp","href":"https:\/\/api.w.org\/{rel}","templated":true}]}}