{"id":17278,"date":"2025-07-14T16:58:02","date_gmt":"2025-07-14T11:58:02","guid":{"rendered":"https:\/\/turkmenexporter.com\/product\/banera-exenta-de-olivo\/"},"modified":"2025-07-16T13:28:19","modified_gmt":"2025-07-16T08:28:19","slug":"banera-exenta-de-olivo","status":"publish","type":"product","link":"https:\/\/turkmenexporter.com\/es\/producto\/banera-exenta-de-olivo\/","title":{"rendered":"Ba\u00f1era exenta Olive"},"content":{"rendered":"<p>Elegante y duradera, la ba\u00f1era exenta Pietra Bianca \u00abOlive\u00bb est\u00e1 fabricada con material Durastone de alta calidad. Con sus suaves curvas y su moderno dise\u00f1o, es la pieza central perfecta para cuartos de ba\u00f1o de lujo. Dimensiones: 1700x800x640 mm. Peso: 170 kg.   <\/p>\n","protected":false},"excerpt":{"rendered":"<p>Ba\u00f1era Pietra Bianca<\/p>\n<p>Material: Durastone<\/p>\n<p>Peso: 170 kg<\/p>\n<p>Tama\u00f1o: 1700x800x640<\/p>\n","protected":false},"featured_media":17034,"comment_status":"open","ping_status":"closed","template":"","meta":{"_acf_changed":false},"brand":[1300],"product_cat":[1302],"product_tag":[],"class_list":{"0":"post-17278","1":"product","2":"type-product","3":"status-publish","4":"has-post-thumbnail","6":"brand-pietra-bianca-es","7":"product_cat-accesorios-debano","9":"first","10":"instock","11":"shipping-taxable","12":"purchasable","13":"product-type-simple"},"acf":[],"_links":{"self":[{"href":"https:\/\/turkmenexporter.com\/es\/wp-json\/wp\/v2\/product\/17278","targetHints":{"allow":["GET"]}}],"collection":[{"href":"https:\/\/turkmenexporter.com\/es\/wp-json\/wp\/v2\/product"}],"about":[{"href":"https:\/\/turkmenexporter.com\/es\/wp-json\/wp\/v2\/types\/product"}],"replies":[{"embeddable":true,"href":"https:\/\/turkmenexporter.com\/es\/wp-json\/wp\/v2\/comments?post=17278"}],"version-history":[{"count":1,"href":"https:\/\/turkmenexporter.com\/es\/wp-json\/wp\/v2\/product\/17278\/revisions"}],"predecessor-version":[{"id":17814,"href":"https:\/\/turkmenexporter.com\/es\/wp-json\/wp\/v2\/product\/17278\/revisions\/17814"}],"wp:featuredmedia":[{"embeddable":true,"href":"https:\/\/turkmenexporter.com\/es\/wp-json\/wp\/v2\/media\/17034"}],"wp:attachment":[{"href":"https:\/\/turkmenexporter.com\/es\/wp-json\/wp\/v2\/media?parent=17278"}],"wp:term":[{"taxonomy":"brand","embeddable":true,"href":"https:\/\/turkmenexporter.com\/es\/wp-json\/wp\/v2\/brand?post=17278"},{"taxonomy":"product_cat","embeddable":true,"href":"https:\/\/turkmenexporter.com\/es\/wp-json\/wp\/v2\/product_cat?post=17278"},{"taxonomy":"product_tag","embeddable":true,"href":"https:\/\/turkmenexporter.com\/es\/wp-json\/wp\/v2\/product_tag?post=17278"}],"curies":[{"name":"wp","href":"https:\/\/api.w.org\/{rel}","templated":true}]}}