{"id":17279,"date":"2025-07-14T16:58:00","date_gmt":"2025-07-14T11:58:00","guid":{"rendered":"https:\/\/turkmenexporter.com\/product\/banera-exenta-crown\/"},"modified":"2025-07-16T13:28:27","modified_gmt":"2025-07-16T08:28:27","slug":"banera-exenta-crown","status":"publish","type":"product","link":"https:\/\/turkmenexporter.com\/es\/producto\/banera-exenta-crown\/","title":{"rendered":"Ba\u00f1era exenta Crown"},"content":{"rendered":"<p>Elegante y duradera, la ba\u00f1era exenta Pietra Bianca\u00bbCrown\u00bb est\u00e1 fabricada con material Durastone de alta calidad. Con sus suaves curvas y su moderno dise\u00f1o, es la pieza central perfecta para cuartos de ba\u00f1o de lujo. Tama\u00f1o: 1750x750x680 mm. Peso: 170 kg.   <\/p>\n","protected":false},"excerpt":{"rendered":"<p>Ba\u00f1era de piedra blanca<\/p>\n<p>Material: Durastone<\/p>\n<p>Peso: 170 kg<\/p>\n<p>Tama\u00f1o: 1750x750x680<\/p>\n","protected":false},"featured_media":16998,"comment_status":"open","ping_status":"closed","template":"","meta":{"_acf_changed":false},"brand":[1300],"product_cat":[1302],"product_tag":[],"class_list":{"0":"post-17279","1":"product","2":"type-product","3":"status-publish","4":"has-post-thumbnail","6":"brand-pietra-bianca-es","7":"product_cat-accesorios-debano","9":"first","10":"instock","11":"shipping-taxable","12":"purchasable","13":"product-type-simple"},"acf":[],"_links":{"self":[{"href":"https:\/\/turkmenexporter.com\/es\/wp-json\/wp\/v2\/product\/17279","targetHints":{"allow":["GET"]}}],"collection":[{"href":"https:\/\/turkmenexporter.com\/es\/wp-json\/wp\/v2\/product"}],"about":[{"href":"https:\/\/turkmenexporter.com\/es\/wp-json\/wp\/v2\/types\/product"}],"replies":[{"embeddable":true,"href":"https:\/\/turkmenexporter.com\/es\/wp-json\/wp\/v2\/comments?post=17279"}],"version-history":[{"count":1,"href":"https:\/\/turkmenexporter.com\/es\/wp-json\/wp\/v2\/product\/17279\/revisions"}],"predecessor-version":[{"id":17815,"href":"https:\/\/turkmenexporter.com\/es\/wp-json\/wp\/v2\/product\/17279\/revisions\/17815"}],"wp:featuredmedia":[{"embeddable":true,"href":"https:\/\/turkmenexporter.com\/es\/wp-json\/wp\/v2\/media\/16998"}],"wp:attachment":[{"href":"https:\/\/turkmenexporter.com\/es\/wp-json\/wp\/v2\/media?parent=17279"}],"wp:term":[{"taxonomy":"brand","embeddable":true,"href":"https:\/\/turkmenexporter.com\/es\/wp-json\/wp\/v2\/brand?post=17279"},{"taxonomy":"product_cat","embeddable":true,"href":"https:\/\/turkmenexporter.com\/es\/wp-json\/wp\/v2\/product_cat?post=17279"},{"taxonomy":"product_tag","embeddable":true,"href":"https:\/\/turkmenexporter.com\/es\/wp-json\/wp\/v2\/product_tag?post=17279"}],"curies":[{"name":"wp","href":"https:\/\/api.w.org\/{rel}","templated":true}]}}