{"id":17282,"date":"2025-07-14T16:58:00","date_gmt":"2025-07-14T11:58:00","guid":{"rendered":"https:\/\/turkmenexporter.com\/product\/banera-exenta-mango\/"},"modified":"2025-07-16T13:28:49","modified_gmt":"2025-07-16T08:28:49","slug":"banera-exenta-mango","status":"publish","type":"product","link":"https:\/\/turkmenexporter.com\/es\/producto\/banera-exenta-mango\/","title":{"rendered":"Ba\u00f1era exenta Mango"},"content":{"rendered":"<p>Elegante y duradera, la ba\u00f1era independiente Pietra Bianca \u00abMango\u00bb est\u00e1 fabricada con material Durastone de alta calidad. Con sus suaves curvas y su moderno dise\u00f1o, es una pieza central perfecta para cuartos de ba\u00f1o de lujo. Dimensiones: 1800x800x700 mm. Peso: 180 kg.   <\/p>\n","protected":false},"excerpt":{"rendered":"<p>Ba\u00f1era Pietra Bianca<\/p>\n<p>Material: Durastone<\/p>\n<p>Peso: 180 kg<\/p>\n<p>Dimensiones: 1800x800x700<\/p>\n","protected":false},"featured_media":17016,"comment_status":"open","ping_status":"closed","template":"","meta":{"_acf_changed":false},"brand":[1300],"product_cat":[1302],"product_tag":[],"class_list":{"0":"post-17282","1":"product","2":"type-product","3":"status-publish","4":"has-post-thumbnail","6":"brand-pietra-bianca-es","7":"product_cat-accesorios-debano","9":"first","10":"instock","11":"shipping-taxable","12":"purchasable","13":"product-type-simple"},"acf":[],"_links":{"self":[{"href":"https:\/\/turkmenexporter.com\/es\/wp-json\/wp\/v2\/product\/17282","targetHints":{"allow":["GET"]}}],"collection":[{"href":"https:\/\/turkmenexporter.com\/es\/wp-json\/wp\/v2\/product"}],"about":[{"href":"https:\/\/turkmenexporter.com\/es\/wp-json\/wp\/v2\/types\/product"}],"replies":[{"embeddable":true,"href":"https:\/\/turkmenexporter.com\/es\/wp-json\/wp\/v2\/comments?post=17282"}],"version-history":[{"count":1,"href":"https:\/\/turkmenexporter.com\/es\/wp-json\/wp\/v2\/product\/17282\/revisions"}],"predecessor-version":[{"id":17817,"href":"https:\/\/turkmenexporter.com\/es\/wp-json\/wp\/v2\/product\/17282\/revisions\/17817"}],"wp:featuredmedia":[{"embeddable":true,"href":"https:\/\/turkmenexporter.com\/es\/wp-json\/wp\/v2\/media\/17016"}],"wp:attachment":[{"href":"https:\/\/turkmenexporter.com\/es\/wp-json\/wp\/v2\/media?parent=17282"}],"wp:term":[{"taxonomy":"brand","embeddable":true,"href":"https:\/\/turkmenexporter.com\/es\/wp-json\/wp\/v2\/brand?post=17282"},{"taxonomy":"product_cat","embeddable":true,"href":"https:\/\/turkmenexporter.com\/es\/wp-json\/wp\/v2\/product_cat?post=17282"},{"taxonomy":"product_tag","embeddable":true,"href":"https:\/\/turkmenexporter.com\/es\/wp-json\/wp\/v2\/product_tag?post=17282"}],"curies":[{"name":"wp","href":"https:\/\/api.w.org\/{rel}","templated":true}]}}